{"id":249840,"date":"2023-01-17T12:20:05","date_gmt":"2023-01-17T11:20:05","guid":{"rendered":"https:\/\/turismodetarifa.com\/what-to-visit\/castle-of-guzman-el-bueno\/"},"modified":"2023-07-05T18:17:01","modified_gmt":"2023-07-05T16:17:01","slug":"castle-of-guzman-el-bueno","status":"publish","type":"page","link":"https:\/\/turismodetarifa.com\/en\/what-to-visit\/castle-of-guzman-el-bueno\/","title":{"rendered":"Castle of Guzm\u00e1n el Bueno"},"content":{"rendered":"\n\n[et_pb_section fb_built=&#8221;1&#8243; make_equal=&#8221;on&#8221; specialty=&#8221;on&#8221; bg_img_1=&#8221;https:\/\/turismodetarifa.com\/wp-content\/uploads\/2023\/01\/shutterstock_160163366.jpg&#8221; _builder_version=&#8221;4.19.4&#8243; _module_preset=&#8221;default&#8221; custom_padding=&#8221;||0px|||&#8221; hover_enabled=&#8221;0&#8243; global_colors_info=&#8221;{}&#8221; theme_builder_area=&#8221;post_content&#8221; title_text=&#8221;Medieval,Castle,,Guzman,El,Bueno,,De,Tarifa,,Andalusia,,Spain&#8221; sticky_enabled=&#8221;0&#8243;][et_pb_column type=&#8221;1_2&#8243; _builder_version=&#8221;4.16&#8243; custom_padding=&#8221;|||&#8221; global_colors_info=&#8221;{}&#8221; custom_padding__hover=&#8221;|||&#8221; theme_builder_area=&#8221;post_content&#8221;][et_pb_image src=&#8221;https:\/\/turismodetarifa.com\/wp-content\/uploads\/2023\/01\/shutterstock_160163366.jpg&#8221; title_text=&#8221;Medieval,Castle,,Guzman,El,Bueno,,De,Tarifa,,Andalusia,,Spain&#8221; align_tablet=&#8221;center&#8221; align_phone=&#8221;center&#8221; align_last_edited=&#8221;on|desktop&#8221; disabled_on=&#8221;off|off|on&#8221; _builder_version=&#8221;4.19.4&#8243; custom_margin=&#8221;||||false|false&#8221; animation_direction=&#8221;left&#8221; hover_enabled=&#8221;0&#8243; border_radii=&#8221;on|3px|3px|3px|3px&#8221; box_shadow_style=&#8221;preset2&#8243; box_shadow_horizontal=&#8221;33px&#8221; box_shadow_vertical=&#8221;52px&#8221; box_shadow_blur=&#8221;80px&#8221; box_shadow_color=&#8221;rgba(0,36,73,0.07)&#8221; global_colors_info=&#8221;{}&#8221; theme_builder_area=&#8221;post_content&#8221; sticky_enabled=&#8221;0&#8243;][\/et_pb_image][\/et_pb_column][et_pb_column type=&#8221;1_2&#8243; specialty_columns=&#8221;2&#8243; _builder_version=&#8221;4.16&#8243; custom_padding=&#8221;|||&#8221; global_colors_info=&#8221;{}&#8221; custom_padding__hover=&#8221;|||&#8221; theme_builder_area=&#8221;post_content&#8221;][et_pb_row_inner _builder_version=&#8221;4.19.4&#8243; _module_preset=&#8221;default&#8221; custom_padding=&#8221;||0px||false|false&#8221; global_colors_info=&#8221;{}&#8221; theme_builder_area=&#8221;post_content&#8221;][et_pb_column_inner saved_specialty_column_type=&#8221;1_2&#8243; _builder_version=&#8221;4.19.4&#8243; _module_preset=&#8221;default&#8221; global_colors_info=&#8221;{}&#8221; theme_builder_area=&#8221;post_content&#8221;][et_pb_cta title=&#8221;Castle of Guzm\u00e1n el Bueno&#8221; button_url=&#8221;#TOP&#8221; _builder_version=&#8221;4.19.4&#8243; header_level=&#8221;h1&#8243; header_font_size=&#8221;60px&#8221; header_line_height=&#8221;1.5em&#8221; body_font=&#8221;Noto Sans||||||||&#8221; body_font_size=&#8221;17px&#8221; body_line_height=&#8221;2em&#8221; use_background_color=&#8221;off&#8221; custom_button=&#8221;on&#8221; button_text_size=&#8221;17px&#8221; button_text_color=&#8221;#ffffff&#8221; button_bg_color=&#8221;#ff6b5a&#8221; button_border_width=&#8221;5px&#8221; button_border_color=&#8221;#ff6b5a&#8221; button_border_radius=&#8221;100px&#8221; button_font=&#8221;Noto Sans|700||on|||||&#8221; button_use_icon=&#8221;off&#8221; text_orientation=&#8221;left&#8221; background_layout=&#8221;light&#8221; custom_margin=&#8221;||||false|false&#8221; hover_enabled=&#8221;0&#8243; header_font_size_tablet=&#8221;&#8221; header_font_size_phone=&#8221;34px&#8221; header_font_size_last_edited=&#8221;on|phone&#8221; button_text_color_hover=&#8221;#ffffff&#8221; button_border_color_hover=&#8221;#ff9e59&#8243; button_bg_color_hover=&#8221;#ff9e59&#8243; global_colors_info=&#8221;{}&#8221; button_text_size__hover_enabled=&#8221;off&#8221; button_one_text_size__hover_enabled=&#8221;off&#8221; button_two_text_size__hover_enabled=&#8221;off&#8221; button_text_color__hover_enabled=&#8221;on&#8221; button_text_color__hover=&#8221;#ffffff&#8221; button_one_text_color__hover_enabled=&#8221;off&#8221; button_two_text_color__hover_enabled=&#8221;off&#8221; button_border_width__hover_enabled=&#8221;off&#8221; button_one_border_width__hover_enabled=&#8221;off&#8221; button_two_border_width__hover_enabled=&#8221;off&#8221; button_border_color__hover_enabled=&#8221;on&#8221; button_border_color__hover=&#8221;#ff9e59&#8243; button_one_border_color__hover_enabled=&#8221;off&#8221; button_two_border_color__hover_enabled=&#8221;off&#8221; button_border_radius__hover_enabled=&#8221;off&#8221; button_one_border_radius__hover_enabled=&#8221;off&#8221; button_two_border_radius__hover_enabled=&#8221;off&#8221; button_letter_spacing__hover_enabled=&#8221;off&#8221; button_one_letter_spacing__hover_enabled=&#8221;off&#8221; button_two_letter_spacing__hover_enabled=&#8221;off&#8221; button_bg_color__hover_enabled=&#8221;on&#8221; button_bg_color__hover=&#8221;#ff9e59&#8243; button_one_bg_color__hover_enabled=&#8221;off&#8221; button_two_bg_color__hover_enabled=&#8221;off&#8221; theme_builder_area=&#8221;post_content&#8221; sticky_enabled=&#8221;0&#8243;]<p>National Historical Monument and Site of Cultural Interest as Fortress\/Alcazaba from the 10th century. <\/p>[\/et_pb_cta][\/et_pb_column_inner][\/et_pb_row_inner][et_pb_row_inner _builder_version=&#8221;4.19.4&#8243; _module_preset=&#8221;default&#8221; custom_padding=&#8221;||0px||false|false&#8221; global_colors_info=&#8221;{}&#8221; theme_builder_area=&#8221;post_content&#8221;][et_pb_column_inner saved_specialty_column_type=&#8221;1_2&#8243; _builder_version=&#8221;4.19.4&#8243; _module_preset=&#8221;default&#8221; global_colors_info=&#8221;{}&#8221; theme_builder_area=&#8221;post_content&#8221;][et_pb_button button_text=&#8221;This is tarifa&#8221; button_alignment=&#8221;left&#8221; module_class=&#8221;boton&#8221; _builder_version=&#8221;4.19.4&#8243; _module_preset=&#8221;default&#8221; custom_button=&#8221;on&#8221; button_text_size=&#8221;16px&#8221; button_text_color=&#8221;#000000&#8243; button_bg_color=&#8221;#FFC845&#8243; button_border_width=&#8221;0px&#8221; button_border_radius=&#8221;0px&#8221; button_letter_spacing=&#8221;0px&#8221; button_font=&#8221;||||||||&#8221; button_use_icon=&#8221;off&#8221; position_origin_f=&#8221;top_center&#8221; custom_margin_tablet=&#8221;-13px||||false|false&#8221; custom_margin_phone=&#8221;0px||||false|false&#8221; custom_margin_last_edited=&#8221;off|desktop&#8221; custom_padding=&#8221;10px|10px|10px|10px|true|true&#8221; custom_padding_tablet=&#8221;12px|30px|12px|30px|true|true&#8221; custom_padding_phone=&#8221;10px|20px|10px|20px|true|true&#8221; custom_padding_last_edited=&#8221;on|phone&#8221; button_text_size_tablet=&#8221;13px&#8221; button_text_size_phone=&#8221;12px&#8221; button_text_size_last_edited=&#8221;on|tablet&#8221; global_colors_info=&#8221;{}&#8221; button_bg_color__hover=&#8221;#019ca3&#8243; button_bg_color__hover_enabled=&#8221;off|desktop&#8221; theme_builder_area=&#8221;post_content&#8221;][\/et_pb_button][\/et_pb_column_inner][\/et_pb_row_inner][\/et_pb_column][\/et_pb_section][et_pb_section fb_built=&#8221;1&#8243; _builder_version=&#8221;4.19.4&#8243; _module_preset=&#8221;default&#8221; global_colors_info=&#8221;{}&#8221; theme_builder_area=&#8221;post_content&#8221;][et_pb_row _builder_version=&#8221;4.19.4&#8243; _module_preset=&#8221;default&#8221; global_colors_info=&#8221;{}&#8221; theme_builder_area=&#8221;post_content&#8221;][et_pb_column type=&#8221;4_4&#8243; _builder_version=&#8221;4.19.4&#8243; _module_preset=&#8221;default&#8221; global_colors_info=&#8221;{}&#8221; theme_builder_area=&#8221;post_content&#8221;][et_pb_text admin_label=&#8221;Title&#8221; _builder_version=&#8221;4.19.4&#8243; text_font=&#8221;Noto Sans||||||||&#8221; text_font_size=&#8221;17px&#8221; text_line_height=&#8221;2em&#8221; link_font=&#8221;||||||||&#8221; ul_font=&#8221;||||||||&#8221; ol_font=&#8221;||||||||&#8221; quote_font=&#8221;||||||||&#8221; header_font=&#8221;||||||||&#8221; header_text_align=&#8221;center&#8221; header_2_font_size=&#8221;44px&#8221; header_2_line_height=&#8221;1.5em&#8221; header_3_font=&#8221;||||||||&#8221; module_alignment=&#8221;center&#8221; hover_enabled=&#8221;0&#8243; header_2_font_size_tablet=&#8221;&#8221; header_2_font_size_phone=&#8221;34px&#8221; header_2_font_size_last_edited=&#8221;on|phone&#8221; locked=&#8221;off&#8221; global_colors_info=&#8221;{}&#8221; theme_builder_area=&#8221;post_content&#8221; sticky_enabled=&#8221;0&#8243;]<p>Magnificent work of defensive engineering erected in the highest part of the historic center by order of Caliph Abderram\u00e1n III of C\u00f3rdoba, to which new defensive elements, styles and uses have been added, such as its palatial stage during the 16th century in the that the Renaissance was introduced in Tarifa.<\/p>\n<p>Its name &#8220;Guzm\u00e1n el Bueno&#8221; responds to the behavior of don Alonso P\u00e9rez de Guzm\u00e1n, warden of this fortress during the siege that Benimerines, Nazar\u00edes and the infante don Juan de Castilla besieged Tarifa in 1294. Defending it and for it to continue in Christian hands He did not agree to hand her over to the threat of killing his son, to which he responded by throwing his own knife. For this gesture Don Alonso was deserving of the nickname &#8220;El Bueno&#8221; in addition to obtaining other great privileges.<\/p>\n<p>The strategic hill where the Castle of Guzm\u00e1n el Bueno is located has known occupations since the Bronze Age, at least since the 2nd millennium before our era and at least since the 6th century BC, a Phoenician settlement, which at that time was an authentic peninsula, flanked to the south by the sea, which reached to its feet, and to the north by a river. The Romans also established themselves as evidenced by the finding of walls under the passage of the Inscription door and the pavement of Tarifa slabs broken by the foundations of the caliphal castle in the room various ceramics and funerary stone urns.<\/p>\n<p>Its plant is trapezoidal, with flanking towers. In its interior, its caliphal walls stand out, built with ashlars (large well-cut stones placed &#8220;on a rope and brand&#8221;, some showing the longest side and others the shortest), notable Gothic and Renaissance polychrome mural paintings, the sebka or frieze Mudejar with alternating geometric motifs of eight-pointed stars and alfardons and Renaissance tiles.<\/p>\n<p>The most representative elements are the albarrana tower that is joined to the castle by a corach, the homage tower and the Church of Santa Mar\u00eda.<\/p>\n<p>&nbsp;<\/p>\n<h2>Schedule and prices<\/h2>\n<p>For schedule and prices consult the telephones: <\/p>\n<p>687 788 466<\/p>\n<p>607 684 871<\/p>[\/et_pb_text][\/et_pb_column][\/et_pb_row][\/et_pb_section][et_pb_section fb_built=&#8221;1&#8243; admin_label=&#8221;Travel History&#8221; _builder_version=&#8221;4.19.4&#8243; background_color=&#8221;rgba(0,0,0,0.15)&#8221; background_image=&#8221;https:\/\/turismodetarifa.com\/wp-content\/uploads\/2023\/01\/shutterstock_105955283-scaled-e1673541581529.jpg&#8221; background_blend=&#8221;overlay&#8221; custom_margin=&#8221;||||false|false&#8221; custom_padding=&#8221;120px||120px||true|false&#8221; locked=&#8221;off&#8221; global_colors_info=&#8221;{}&#8221; theme_builder_area=&#8221;post_content&#8221;][et_pb_row _builder_version=&#8221;4.19.4&#8243; _module_preset=&#8221;default&#8221; locked=&#8221;off&#8221; global_colors_info=&#8221;{}&#8221; theme_builder_area=&#8221;post_content&#8221;][et_pb_column type=&#8221;4_4&#8243; _builder_version=&#8221;4.19.4&#8243; _module_preset=&#8221;default&#8221; global_colors_info=&#8221;{}&#8221; theme_builder_area=&#8221;post_content&#8221;][et_pb_text admin_label=&#8221;Title&#8221; _builder_version=&#8221;4.19.4&#8243; text_font_size=&#8221;17px&#8221; text_line_height=&#8221;2em&#8221; link_font=&#8221;||||||||&#8221; ul_font=&#8221;||||||||&#8221; ol_font=&#8221;||||||||&#8221; quote_font=&#8221;||||||||&#8221; header_font=&#8221;||||||||&#8221; header_text_align=&#8221;center&#8221; header_2_font_size=&#8221;44px&#8221; header_2_line_height=&#8221;1.5em&#8221; header_3_font=&#8221;||||||||&#8221; text_orientation=&#8221;center&#8221; background_layout=&#8221;dark&#8221; max_width=&#8221;800px&#8221; module_alignment=&#8221;center&#8221; header_2_font_size_tablet=&#8221;&#8221; header_2_font_size_phone=&#8221;24px&#8221; header_2_font_size_last_edited=&#8221;on|phone&#8221; header_2_text_shadow_style=&#8221;preset4&#8243; header_2_text_shadow_horizontal_length=&#8221;0.03em&#8221; header_2_text_shadow_vertical_length=&#8221;0.03em&#8221; locked=&#8221;off&#8221; global_colors_info=&#8221;{}&#8221; theme_builder_area=&#8221;post_content&#8221;]<h2>#destinadosaencontrarnos<\/h2>[\/et_pb_text][\/et_pb_column][\/et_pb_row][\/et_pb_section]\n\n","protected":false},"excerpt":{"rendered":"<p>National Historical Monument and Site of Cultural Interest as Fortress\/Alcazaba from the 10th century. Magnificent work of defensive engineering erected in the highest part of the historic center by order of Caliph Abderram\u00e1n III of C\u00f3rdoba, to which new defensive elements, styles and uses have been added, such as its palatial stage during the 16th century in the that the Renaissance was introduced in Tarifa. Its name &#8220;Guzm\u00e1n el Bueno&#8221; responds to the behavior of don Alonso P\u00e9rez de Guzm\u00e1n, warden of this fortress during the siege that Benimerines, Nazar\u00edes and the infante don Juan de Castilla besieged Tarifa in 1294. Defending it and for it to continue in Christian hands He did not agree to hand her over to the threat of killing his son, to which he responded by throwing his own knife. For this gesture Don Alonso was deserving of the nickname &#8220;El Bueno&#8221; in addition to obtaining other great privileges. The strategic hill where the Castle of Guzm\u00e1n el Bueno is located has known occupations since the Bronze Age, at least since the 2nd millennium before our era and at least since the 6th century BC, a Phoenician settlement, which at that time was an authentic [&hellip;]<\/p>\n","protected":false},"author":1,"featured_media":0,"parent":249834,"menu_order":0,"comment_status":"closed","ping_status":"closed","template":"","meta":{"_acf_changed":false,"_et_pb_use_builder":"on","_et_pb_old_content":"","_et_gb_content_width":"","footnotes":""},"class_list":["post-249840","page","type-page","status-publish","hentry"],"acf":[],"yoast_head":"<!-- This site is optimized with the Yoast SEO plugin v27.4 - https:\/\/yoast.com\/product\/yoast-seo-wordpress\/ -->\n<title>Castle of Guzm\u00e1n el Bueno - Turismo de Tarifa<\/title>\n<meta name=\"description\" content=\"The Castillo de Guzm\u00e1n el Bueno is a National Historical Monument and Site of Cultural Interest as Fortress\/Alcazaba from the 10th century.\" \/>\n<meta name=\"robots\" content=\"index, follow, max-snippet:-1, max-image-preview:large, max-video-preview:-1\" \/>\n<link rel=\"canonical\" href=\"https:\/\/turismodetarifa.com\/que-visitar\/castillo-guzman-bueno\/\" \/>\n<meta property=\"og:locale\" content=\"en_US\" \/>\n<meta property=\"og:type\" content=\"article\" \/>\n<meta property=\"og:title\" content=\"Castle of Guzm\u00e1n el Bueno - Turismo de Tarifa\" \/>\n<meta property=\"og:description\" content=\"The Castillo de Guzm\u00e1n el Bueno is a National Historical Monument and Site of Cultural Interest as Fortress\/Alcazaba from the 10th century.\" \/>\n<meta property=\"og:site_name\" content=\"Turismo de Tarifa\" \/>\n<meta property=\"article:publisher\" content=\"https:\/\/www.facebook.com\/TarifaUniverso\" \/>\n<meta property=\"article:modified_time\" content=\"2023-07-05T16:17:01+00:00\" \/>\n<meta property=\"og:image\" content=\"https:\/\/turismodetarifa.com\/wp-content\/uploads\/2023\/01\/logo-universo-tarifa.png\" \/>\n\t<meta property=\"og:image:width\" content=\"968\" \/>\n\t<meta property=\"og:image:height\" content=\"258\" \/>\n\t<meta property=\"og:image:type\" content=\"image\/png\" \/>\n<meta name=\"twitter:card\" content=\"summary_large_image\" \/>\n<meta name=\"twitter:site\" content=\"@universotarifa\" \/>\n<meta name=\"twitter:label1\" content=\"Est. reading time\" \/>\n\t<meta name=\"twitter:data1\" content=\"7 minutes\" \/>\n<script type=\"application\/ld+json\" class=\"yoast-schema-graph\">{\"@context\":\"https:\\\/\\\/schema.org\",\"@graph\":[{\"@type\":\"WebPage\",\"@id\":\"https:\\\/\\\/turismodetarifa.com\\\/que-visitar\\\/castillo-guzman-bueno\\\/\",\"url\":\"https:\\\/\\\/turismodetarifa.com\\\/que-visitar\\\/castillo-guzman-bueno\\\/\",\"name\":\"Castle of Guzm\u00e1n el Bueno - Turismo de Tarifa\",\"isPartOf\":{\"@id\":\"https:\\\/\\\/turismodetarifa.com\\\/#website\"},\"datePublished\":\"2023-01-17T11:20:05+00:00\",\"dateModified\":\"2023-07-05T16:17:01+00:00\",\"description\":\"The Castillo de Guzm\u00e1n el Bueno is a National Historical Monument and Site of Cultural Interest as Fortress\\\/Alcazaba from the 10th century.\",\"breadcrumb\":{\"@id\":\"https:\\\/\\\/turismodetarifa.com\\\/que-visitar\\\/castillo-guzman-bueno\\\/#breadcrumb\"},\"inLanguage\":\"en-US\",\"potentialAction\":[{\"@type\":\"ReadAction\",\"target\":[\"https:\\\/\\\/turismodetarifa.com\\\/que-visitar\\\/castillo-guzman-bueno\\\/\"]}]},{\"@type\":\"BreadcrumbList\",\"@id\":\"https:\\\/\\\/turismodetarifa.com\\\/que-visitar\\\/castillo-guzman-bueno\\\/#breadcrumb\",\"itemListElement\":[{\"@type\":\"ListItem\",\"position\":1,\"name\":\"Portada\",\"item\":\"https:\\\/\\\/turismodetarifa.com\\\/\"},{\"@type\":\"ListItem\",\"position\":2,\"name\":\"What to visit\",\"item\":\"https:\\\/\\\/turismodetarifa.com\\\/que-visitar\\\/\"},{\"@type\":\"ListItem\",\"position\":3,\"name\":\"Castle of Guzm\u00e1n el Bueno\"}]},{\"@type\":\"WebSite\",\"@id\":\"https:\\\/\\\/turismodetarifa.com\\\/#website\",\"url\":\"https:\\\/\\\/turismodetarifa.com\\\/\",\"name\":\"Turismo de Tarifa\",\"description\":\"Universo Tarifa. Destinados a encontrarnos.\",\"publisher\":{\"@id\":\"https:\\\/\\\/turismodetarifa.com\\\/#organization\"},\"alternateName\":\"Turismo de Tarifa\",\"potentialAction\":[{\"@type\":\"SearchAction\",\"target\":{\"@type\":\"EntryPoint\",\"urlTemplate\":\"https:\\\/\\\/turismodetarifa.com\\\/?s={search_term_string}\"},\"query-input\":{\"@type\":\"PropertyValueSpecification\",\"valueRequired\":true,\"valueName\":\"search_term_string\"}}],\"inLanguage\":\"en-US\"},{\"@type\":\"Organization\",\"@id\":\"https:\\\/\\\/turismodetarifa.com\\\/#organization\",\"name\":\"Turismo de Tarifa\",\"alternateName\":\"Turismo de Tarifa\",\"url\":\"https:\\\/\\\/turismodetarifa.com\\\/\",\"logo\":{\"@type\":\"ImageObject\",\"inLanguage\":\"en-US\",\"@id\":\"https:\\\/\\\/turismodetarifa.com\\\/#\\\/schema\\\/logo\\\/image\\\/\",\"url\":\"https:\\\/\\\/turismodetarifa.com\\\/wp-content\\\/uploads\\\/2024\\\/10\\\/cropped-logotipo-removebg-preview.png\",\"contentUrl\":\"https:\\\/\\\/turismodetarifa.com\\\/wp-content\\\/uploads\\\/2024\\\/10\\\/cropped-logotipo-removebg-preview.png\",\"width\":512,\"height\":512,\"caption\":\"Turismo de Tarifa\"},\"image\":{\"@id\":\"https:\\\/\\\/turismodetarifa.com\\\/#\\\/schema\\\/logo\\\/image\\\/\"},\"sameAs\":[\"https:\\\/\\\/www.facebook.com\\\/TarifaUniverso\",\"https:\\\/\\\/x.com\\\/universotarifa\",\"https:\\\/\\\/www.instagram.com\\\/universotarifaoficial\\\/\"]}]}<\/script>\n<!-- \/ Yoast SEO plugin. -->","yoast_head_json":{"title":"Castle of Guzm\u00e1n el Bueno - Turismo de Tarifa","description":"The Castillo de Guzm\u00e1n el Bueno is a National Historical Monument and Site of Cultural Interest as Fortress\/Alcazaba from the 10th century.","robots":{"index":"index","follow":"follow","max-snippet":"max-snippet:-1","max-image-preview":"max-image-preview:large","max-video-preview":"max-video-preview:-1"},"canonical":"https:\/\/turismodetarifa.com\/que-visitar\/castillo-guzman-bueno\/","og_locale":"en_US","og_type":"article","og_title":"Castle of Guzm\u00e1n el Bueno - Turismo de Tarifa","og_description":"The Castillo de Guzm\u00e1n el Bueno is a National Historical Monument and Site of Cultural Interest as Fortress\/Alcazaba from the 10th century.","og_site_name":"Turismo de Tarifa","article_publisher":"https:\/\/www.facebook.com\/TarifaUniverso","article_modified_time":"2023-07-05T16:17:01+00:00","og_image":[{"width":968,"height":258,"url":"https:\/\/turismodetarifa.com\/wp-content\/uploads\/2023\/01\/logo-universo-tarifa.png","type":"image\/png"}],"twitter_card":"summary_large_image","twitter_site":"@universotarifa","twitter_misc":{"Est. reading time":"7 minutes"},"schema":{"@context":"https:\/\/schema.org","@graph":[{"@type":"WebPage","@id":"https:\/\/turismodetarifa.com\/que-visitar\/castillo-guzman-bueno\/","url":"https:\/\/turismodetarifa.com\/que-visitar\/castillo-guzman-bueno\/","name":"Castle of Guzm\u00e1n el Bueno - Turismo de Tarifa","isPartOf":{"@id":"https:\/\/turismodetarifa.com\/#website"},"datePublished":"2023-01-17T11:20:05+00:00","dateModified":"2023-07-05T16:17:01+00:00","description":"The Castillo de Guzm\u00e1n el Bueno is a National Historical Monument and Site of Cultural Interest as Fortress\/Alcazaba from the 10th century.","breadcrumb":{"@id":"https:\/\/turismodetarifa.com\/que-visitar\/castillo-guzman-bueno\/#breadcrumb"},"inLanguage":"en-US","potentialAction":[{"@type":"ReadAction","target":["https:\/\/turismodetarifa.com\/que-visitar\/castillo-guzman-bueno\/"]}]},{"@type":"BreadcrumbList","@id":"https:\/\/turismodetarifa.com\/que-visitar\/castillo-guzman-bueno\/#breadcrumb","itemListElement":[{"@type":"ListItem","position":1,"name":"Portada","item":"https:\/\/turismodetarifa.com\/"},{"@type":"ListItem","position":2,"name":"What to visit","item":"https:\/\/turismodetarifa.com\/que-visitar\/"},{"@type":"ListItem","position":3,"name":"Castle of Guzm\u00e1n el Bueno"}]},{"@type":"WebSite","@id":"https:\/\/turismodetarifa.com\/#website","url":"https:\/\/turismodetarifa.com\/","name":"Turismo de Tarifa","description":"Universo Tarifa. Destinados a encontrarnos.","publisher":{"@id":"https:\/\/turismodetarifa.com\/#organization"},"alternateName":"Turismo de Tarifa","potentialAction":[{"@type":"SearchAction","target":{"@type":"EntryPoint","urlTemplate":"https:\/\/turismodetarifa.com\/?s={search_term_string}"},"query-input":{"@type":"PropertyValueSpecification","valueRequired":true,"valueName":"search_term_string"}}],"inLanguage":"en-US"},{"@type":"Organization","@id":"https:\/\/turismodetarifa.com\/#organization","name":"Turismo de Tarifa","alternateName":"Turismo de Tarifa","url":"https:\/\/turismodetarifa.com\/","logo":{"@type":"ImageObject","inLanguage":"en-US","@id":"https:\/\/turismodetarifa.com\/#\/schema\/logo\/image\/","url":"https:\/\/turismodetarifa.com\/wp-content\/uploads\/2024\/10\/cropped-logotipo-removebg-preview.png","contentUrl":"https:\/\/turismodetarifa.com\/wp-content\/uploads\/2024\/10\/cropped-logotipo-removebg-preview.png","width":512,"height":512,"caption":"Turismo de Tarifa"},"image":{"@id":"https:\/\/turismodetarifa.com\/#\/schema\/logo\/image\/"},"sameAs":["https:\/\/www.facebook.com\/TarifaUniverso","https:\/\/x.com\/universotarifa","https:\/\/www.instagram.com\/universotarifaoficial\/"]}]}},"_links":{"self":[{"href":"https:\/\/turismodetarifa.com\/en\/wp-json\/wp\/v2\/pages\/249840","targetHints":{"allow":["GET"]}}],"collection":[{"href":"https:\/\/turismodetarifa.com\/en\/wp-json\/wp\/v2\/pages"}],"about":[{"href":"https:\/\/turismodetarifa.com\/en\/wp-json\/wp\/v2\/types\/page"}],"author":[{"embeddable":true,"href":"https:\/\/turismodetarifa.com\/en\/wp-json\/wp\/v2\/users\/1"}],"replies":[{"embeddable":true,"href":"https:\/\/turismodetarifa.com\/en\/wp-json\/wp\/v2\/comments?post=249840"}],"version-history":[{"count":0,"href":"https:\/\/turismodetarifa.com\/en\/wp-json\/wp\/v2\/pages\/249840\/revisions"}],"up":[{"embeddable":true,"href":"https:\/\/turismodetarifa.com\/en\/wp-json\/wp\/v2\/pages\/249834"}],"wp:attachment":[{"href":"https:\/\/turismodetarifa.com\/en\/wp-json\/wp\/v2\/media?parent=249840"}],"curies":[{"name":"wp","href":"https:\/\/api.w.org\/{rel}","templated":true}]}}