{"id":249850,"date":"2023-01-17T12:22:39","date_gmt":"2023-01-17T11:22:39","guid":{"rendered":"https:\/\/turismodetarifa.com\/what-to-visit\/isla-de-tarifa\/"},"modified":"2023-07-05T18:44:06","modified_gmt":"2023-07-05T16:44:06","slug":"isla-de-tarifa","status":"publish","type":"page","link":"https:\/\/turismodetarifa.com\/en\/what-to-visit\/isla-de-tarifa\/","title":{"rendered":"Isla de Tarifa"},"content":{"rendered":"\n[et_pb_section fb_built=&#8221;1&#8243; make_equal=&#8221;on&#8221; specialty=&#8221;on&#8221; bg_img_1=&#8221;https:\/\/turismodetarifa.com\/wp-content\/uploads\/2023\/01\/isla-de-las-palomas-tarifa-min.jpeg&#8221; _builder_version=&#8221;4.19.4&#8243; _module_preset=&#8221;default&#8221; custom_padding=&#8221;||0px|||&#8221; global_colors_info=&#8221;{}&#8221;][et_pb_column type=&#8221;1_2&#8243; _builder_version=&#8221;4.16&#8243; custom_padding=&#8221;|||&#8221; global_colors_info=&#8221;{}&#8221; custom_padding__hover=&#8221;|||&#8221;][et_pb_image src=&#8221;https:\/\/turismodetarifa.com\/wp-content\/uploads\/2023\/01\/isla-de-las-palomas-tarifa-min.jpeg&#8221; alt=&#8221;isla de las palomas en tarifa&#8221; title_text=&#8221;isla de las palomas tarifa-min&#8221; align_tablet=&#8221;center&#8221; align_phone=&#8221;center&#8221; align_last_edited=&#8221;on|desktop&#8221; disabled_on=&#8221;off|off|on&#8221; _builder_version=&#8221;4.19.4&#8243; custom_margin=&#8221;||||false|false&#8221; animation_direction=&#8221;left&#8221; border_radii=&#8221;on|3px|3px|3px|3px&#8221; box_shadow_style=&#8221;preset2&#8243; box_shadow_horizontal=&#8221;33px&#8221; box_shadow_vertical=&#8221;52px&#8221; box_shadow_blur=&#8221;80px&#8221; box_shadow_color=&#8221;rgba(0,36,73,0.07)&#8221; global_colors_info=&#8221;{}&#8221;][\/et_pb_image][\/et_pb_column][et_pb_column type=&#8221;1_2&#8243; specialty_columns=&#8221;2&#8243; _builder_version=&#8221;4.16&#8243; custom_padding=&#8221;|||&#8221; global_colors_info=&#8221;{}&#8221; custom_padding__hover=&#8221;|||&#8221;][et_pb_row_inner _builder_version=&#8221;4.19.4&#8243; _module_preset=&#8221;default&#8221; custom_padding=&#8221;||0px||false|false&#8221; global_colors_info=&#8221;{}&#8221;][et_pb_column_inner saved_specialty_column_type=&#8221;1_2&#8243; _builder_version=&#8221;4.19.4&#8243; _module_preset=&#8221;default&#8221; global_colors_info=&#8221;{}&#8221;][et_pb_cta title=&#8221;Tarifa Island Interpretation Center&#8221; button_url=&#8221;#TOP&#8221; _builder_version=&#8221;4.19.4&#8243; header_level=&#8221;h1&#8243; header_font_size=&#8221;60px&#8221; header_line_height=&#8221;1.5em&#8221; body_font=&#8221;Noto Sans||||||||&#8221; body_font_size=&#8221;17px&#8221; body_line_height=&#8221;2em&#8221; use_background_color=&#8221;off&#8221; custom_button=&#8221;on&#8221; button_text_size=&#8221;17px&#8221; button_text_color=&#8221;#ffffff&#8221; button_bg_color=&#8221;#ff6b5a&#8221; button_border_width=&#8221;5px&#8221; button_border_color=&#8221;#ff6b5a&#8221; button_border_radius=&#8221;100px&#8221; button_font=&#8221;Noto Sans|700||on|||||&#8221; button_use_icon=&#8221;off&#8221; text_orientation=&#8221;left&#8221; background_layout=&#8221;light&#8221; custom_margin=&#8221;||||false|false&#8221; header_font_size_tablet=&#8221;&#8221; header_font_size_phone=&#8221;34px&#8221; header_font_size_last_edited=&#8221;on|phone&#8221; button_text_color_hover=&#8221;#ffffff&#8221; button_border_color_hover=&#8221;#ff9e59&#8243; button_bg_color_hover=&#8221;#ff9e59&#8243; global_colors_info=&#8221;{}&#8221; button_text_size__hover_enabled=&#8221;off&#8221; button_one_text_size__hover_enabled=&#8221;off&#8221; button_two_text_size__hover_enabled=&#8221;off&#8221; button_text_color__hover_enabled=&#8221;on&#8221; button_text_color__hover=&#8221;#ffffff&#8221; button_one_text_color__hover_enabled=&#8221;off&#8221; button_two_text_color__hover_enabled=&#8221;off&#8221; button_border_width__hover_enabled=&#8221;off&#8221; button_one_border_width__hover_enabled=&#8221;off&#8221; button_two_border_width__hover_enabled=&#8221;off&#8221; button_border_color__hover_enabled=&#8221;on&#8221; button_border_color__hover=&#8221;#ff9e59&#8243; button_one_border_color__hover_enabled=&#8221;off&#8221; button_two_border_color__hover_enabled=&#8221;off&#8221; button_border_radius__hover_enabled=&#8221;off&#8221; button_one_border_radius__hover_enabled=&#8221;off&#8221; button_two_border_radius__hover_enabled=&#8221;off&#8221; button_letter_spacing__hover_enabled=&#8221;off&#8221; button_one_letter_spacing__hover_enabled=&#8221;off&#8221; button_two_letter_spacing__hover_enabled=&#8221;off&#8221; button_bg_color__hover_enabled=&#8221;on&#8221; button_bg_color__hover=&#8221;#ff9e59&#8243; button_one_bg_color__hover_enabled=&#8221;off&#8221; button_two_bg_color__hover_enabled=&#8221;off&#8221;]<p>Isla de las Palomas, or Tarifa, is the last rocky outcrop on the European continent, before submerging in the waters of the Strait. Its southernmost point, Punta de Tarifa, is currently occupied by a lighthouse, built in the 19th century using a beacon tower from the 16th century. It was the first lighthouse built in the Strait of Gibraltar.<\/p>[\/et_pb_cta][\/et_pb_column_inner][\/et_pb_row_inner][et_pb_row_inner _builder_version=&#8221;4.19.4&#8243; _module_preset=&#8221;default&#8221; custom_padding=&#8221;||0px||false|false&#8221; global_colors_info=&#8221;{}&#8221;][et_pb_column_inner saved_specialty_column_type=&#8221;1_2&#8243; _builder_version=&#8221;4.19.4&#8243; _module_preset=&#8221;default&#8221; global_colors_info=&#8221;{}&#8221;][et_pb_button button_text=&#8221;This is tarifa&#8221; button_alignment=&#8221;left&#8221; module_class=&#8221;boton&#8221; _builder_version=&#8221;4.19.4&#8243; _module_preset=&#8221;default&#8221; custom_button=&#8221;on&#8221; button_text_size=&#8221;16px&#8221; button_text_color=&#8221;#000000&#8243; button_bg_color=&#8221;#FFC845&#8243; button_border_width=&#8221;0px&#8221; button_border_radius=&#8221;0px&#8221; button_letter_spacing=&#8221;0px&#8221; button_font=&#8221;||||||||&#8221; button_use_icon=&#8221;off&#8221; position_origin_f=&#8221;top_center&#8221; custom_margin_tablet=&#8221;-13px||||false|false&#8221; custom_margin_phone=&#8221;0px||||false|false&#8221; custom_margin_last_edited=&#8221;off|desktop&#8221; custom_padding=&#8221;10px|10px|10px|10px|true|true&#8221; custom_padding_tablet=&#8221;12px|30px|12px|30px|true|true&#8221; custom_padding_phone=&#8221;10px|20px|10px|20px|true|true&#8221; custom_padding_last_edited=&#8221;on|phone&#8221; button_text_size_tablet=&#8221;13px&#8221; button_text_size_phone=&#8221;12px&#8221; button_text_size_last_edited=&#8221;on|tablet&#8221; global_colors_info=&#8221;{}&#8221; button_bg_color__hover=&#8221;#019ca3&#8243; button_bg_color__hover_enabled=&#8221;off|desktop&#8221;][\/et_pb_button][\/et_pb_column_inner][\/et_pb_row_inner][\/et_pb_column][\/et_pb_section][et_pb_section fb_built=&#8221;1&#8243; _builder_version=&#8221;4.19.4&#8243; _module_preset=&#8221;default&#8221; global_colors_info=&#8221;{}&#8221;][et_pb_row _builder_version=&#8221;4.19.4&#8243; _module_preset=&#8221;default&#8221; global_colors_info=&#8221;{}&#8221;][et_pb_column type=&#8221;4_4&#8243; _builder_version=&#8221;4.19.4&#8243; _module_preset=&#8221;default&#8221; global_colors_info=&#8221;{}&#8221;][et_pb_text admin_label=&#8221;Title&#8221; _builder_version=&#8221;4.19.4&#8243; text_font=&#8221;Noto Sans||||||||&#8221; text_font_size=&#8221;17px&#8221; text_line_height=&#8221;2em&#8221; link_font=&#8221;||||||||&#8221; ul_font=&#8221;||||||||&#8221; ol_font=&#8221;||||||||&#8221; quote_font=&#8221;||||||||&#8221; header_font=&#8221;||||||||&#8221; header_text_align=&#8221;center&#8221; header_2_font_size=&#8221;44px&#8221; header_2_line_height=&#8221;1.5em&#8221; header_3_font=&#8221;||||||||&#8221; module_alignment=&#8221;center&#8221; header_2_font_size_tablet=&#8221;&#8221; header_2_font_size_phone=&#8221;34px&#8221; header_2_font_size_last_edited=&#8221;on|phone&#8221; locked=&#8221;off&#8221; global_colors_info=&#8221;{}&#8221;]<p>Due to its location, right at the point where the seas widen, it is probably a magical place for sailors who ventured into its waters. From the passage of the Phoenicians on the island, there remains a series of hypogea or tombs carved into the rock with an entrance through a well, located in the sector closest to the port.<\/p>\n<p>The island, which is larger than the entire historic center, is made up of two types of rock: the lower layer is siliceous sandstone, which is arranged in rocky crests and forms most of the relief in the area. Another type of rock popularly known as oyster beds is superimposed on these layers, formed more recently by ancient beaches and fossilized sea beds and is made up of a large number of mollusk shells. This stone, soft and easy to work with, has traditionally been used in construction (for example, the castle of Guzm\u00e1n del Bueno). Its extraction has considerably modified the morphology of the island, with the quarry still visible by the sea, through which the rocks were transported by boat, or at the entrance to the island, whose defensive wall is largely the same cut rock.<\/p>\n<p>The island did not host any fortifications until 1588 when the tower that now houses the lighthouse was built. Later in the 19th century, a fortified dock and a complete series of batteries, barracks and an impressive underground powder magazine, excavated in the rock for the defense of Tarifa against the French, were built on its perimeter.<\/p>\n<p>In 1808 the breakwater connecting the island with Tarifa was built. From the moment of its construction, it marks the dividing line between two seas. In the Mediterranean part, the sand that was previously located in La Caleta is now deposited in the cove next to the island, creating what is popularly known as \u201cPlaya Chica\u201d, where the people of Tarifa like to swim, sheltered from the winds. Diving baptisms or first immersions are also held there. On the other side of the isthmus, already in the Atlantic, begin the 10 km of Playa de Los Lances and Valdevaqueros, with fine sand.<\/p>\n<p>La <strong>Isla de Tarifa<\/strong> tiene las visitas restringidas, y para el acceso es necesario un permiso del Parque Natural del Estrecho.<\/p>\n<p><a href=\"mailto:pnestrecho.dtca.cagpds@juntadeandalucia.es\">pnestrecho.dtca.cagpds@juntadeandalucia.es<\/a><\/p>\n<p>Tl: 600 161 885<\/p>\n<p>Recientemente y gracias a la colaboraci\u00f3n entre administraciones y entidades p\u00fablicas se ha logrado la recuperaci\u00f3n y restauraci\u00f3n del edificio anexo al faro de Tarifa -antigua viviendas de los fareros y sus familias- y se ha dotado de una infraestructura muse\u00edstica al edificio. Bajo el lema \u201cLa Isla de Tarifa. Testigo de la Historia del Estrecho\u201d, el centro de interpretaci\u00f3n divide su tem\u00e1tica informativa en cinco bloques:<\/p>\n<div class=\"descripcion\">\n<ul>\n<li>El Estrecho de Gibraltar, encrucijada de caminos;<\/li>\n<li>Los fondos de la Isla, llenos de vida e historia;<\/li>\n<li>La historia de la Isla;<\/li>\n<li>La Isla como baluarte defensivo y <\/li>\n<li>El Faro de la Isla, vig\u00eda del Estrecho<\/li>\n<\/ul>\n<\/div>\n<p>Las visitas al <strong>Centro de Interpretaci\u00f3n de la Isla de Tarifa<\/strong>, siempre con reserva previa, son gestionadas por la oficina municipal de turismo:<\/p>\n<p><span style=\"color: rgba(0, 171, 142, 0.8);\"><a href=\"mailto:centrodeinterpretacionisladetarifa@aytotarifa.com\">centrodeinterpretacionisladetarifa@aytotarifa.com<\/a> <br><\/span><\/p>\n<p><span style=\"color: rgba(0, 0, 0, 0.8);\">Tl: 678 904 046<br><\/span><\/p>[\/et_pb_text][\/et_pb_column][\/et_pb_row][et_pb_row column_structure=&#8221;1_3,1_3,1_3&#8243; _builder_version=&#8221;4.19.4&#8243; _module_preset=&#8221;default&#8221; global_colors_info=&#8221;{}&#8221;][et_pb_column type=&#8221;1_3&#8243; _builder_version=&#8221;4.19.4&#8243; _module_preset=&#8221;default&#8221; global_colors_info=&#8221;{}&#8221;][dsm_block_reveal_text block_reveal_text=&#8221;OFICINA DE TURISMO DE TARIFA&#8221; _builder_version=&#8221;4.19.4&#8243; _module_preset=&#8221;default&#8221; header_font_size=&#8221;40px&#8221; module_alignment=&#8221;center&#8221; global_colors_info=&#8221;{}&#8221;][\/dsm_block_reveal_text][\/et_pb_column][et_pb_column type=&#8221;1_3&#8243; _builder_version=&#8221;4.19.4&#8243; _module_preset=&#8221;default&#8221; global_colors_info=&#8221;{}&#8221;][et_pb_text _builder_version=&#8221;4.19.4&#8243; _module_preset=&#8221;default&#8221; global_colors_info=&#8221;{}&#8221;]<p style=\"text-align: center;\">Tel\u00e9fono: <a href=\"tel:+3495668093\">956 680 993<\/a><\/p>\n<p style=\"text-align: center;\">Email: <a href=\"mailto:turismo@aytotarifa.com\">turismo@aytotarifa.com<\/a><\/p>[\/et_pb_text][\/et_pb_column][et_pb_column type=&#8221;1_3&#8243; _builder_version=&#8221;4.19.4&#8243; _module_preset=&#8221;default&#8221; global_colors_info=&#8221;{}&#8221;][et_pb_icon font_icon=&#8221;\uf2bb||fa||400&#8243; _builder_version=&#8221;4.19.4&#8243; _module_preset=&#8221;default&#8221; global_colors_info=&#8221;{}&#8221;][\/et_pb_icon][\/et_pb_column][\/et_pb_row][\/et_pb_section][et_pb_section fb_built=&#8221;1&#8243; admin_label=&#8221;Travel History&#8221; _builder_version=&#8221;4.19.4&#8243; background_color=&#8221;rgba(0,0,0,0.15)&#8221; background_image=&#8221;https:\/\/turismodetarifa.com\/wp-content\/uploads\/2023\/01\/shutterstock_105955283-scaled-e1673541581529.jpg&#8221; background_blend=&#8221;overlay&#8221; custom_margin=&#8221;||||false|false&#8221; custom_padding=&#8221;120px||120px||true|false&#8221; locked=&#8221;off&#8221; global_colors_info=&#8221;{}&#8221;][et_pb_row _builder_version=&#8221;4.19.4&#8243; _module_preset=&#8221;default&#8221; locked=&#8221;off&#8221; global_colors_info=&#8221;{}&#8221;][et_pb_column type=&#8221;4_4&#8243; _builder_version=&#8221;4.19.4&#8243; _module_preset=&#8221;default&#8221; global_colors_info=&#8221;{}&#8221;][et_pb_text admin_label=&#8221;Title&#8221; _builder_version=&#8221;4.19.4&#8243; text_font_size=&#8221;17px&#8221; text_line_height=&#8221;2em&#8221; link_font=&#8221;||||||||&#8221; ul_font=&#8221;||||||||&#8221; ol_font=&#8221;||||||||&#8221; quote_font=&#8221;||||||||&#8221; header_font=&#8221;||||||||&#8221; header_text_align=&#8221;center&#8221; header_2_font_size=&#8221;44px&#8221; header_2_line_height=&#8221;1.5em&#8221; header_3_font=&#8221;||||||||&#8221; text_orientation=&#8221;center&#8221; background_layout=&#8221;dark&#8221; max_width=&#8221;800px&#8221; module_alignment=&#8221;center&#8221; header_2_font_size_tablet=&#8221;&#8221; header_2_font_size_phone=&#8221;24px&#8221; header_2_font_size_last_edited=&#8221;on|phone&#8221; header_2_text_shadow_style=&#8221;preset4&#8243; header_2_text_shadow_horizontal_length=&#8221;0.03em&#8221; header_2_text_shadow_vertical_length=&#8221;0.03em&#8221; locked=&#8221;off&#8221; global_colors_info=&#8221;{}&#8221;]<h2>#destinadosaencontrarnos<\/h2>[\/et_pb_text][\/et_pb_column][\/et_pb_row][\/et_pb_section]\n","protected":false},"excerpt":{"rendered":"<p>Isla de las Palomas, or Tarifa, is the last rocky outcrop on the European continent, before submerging in the waters of the Strait. Its southernmost point, Punta de Tarifa, is currently occupied by a lighthouse, built in the 19th century using a beacon tower from the 16th century. It was the first lighthouse built in the Strait of Gibraltar.Due to its location, right at the point where the seas widen, it is probably a magical place for sailors who ventured into its waters. From the passage of the Phoenicians on the island, there remains a series of hypogea or tombs carved into the rock with an entrance through a well, located in the sector closest to the port. The island, which is larger than the entire historic center, is made up of two types of rock: the lower layer is siliceous sandstone, which is arranged in rocky crests and forms most of the relief in the area. Another type of rock popularly known as oyster beds is superimposed on these layers, formed more recently by ancient beaches and fossilized sea beds and is made up of a large number of mollusk shells. This stone, soft and easy to work with, [&hellip;]<\/p>\n","protected":false},"author":1,"featured_media":0,"parent":249834,"menu_order":0,"comment_status":"closed","ping_status":"closed","template":"","meta":{"_acf_changed":false,"_et_pb_use_builder":"on","_et_pb_old_content":"","_et_gb_content_width":"","footnotes":""},"class_list":["post-249850","page","type-page","status-publish","hentry"],"acf":[],"yoast_head":"<!-- This site is optimized with the Yoast SEO plugin v27.5 - https:\/\/yoast.com\/product\/yoast-seo-wordpress\/ -->\n<title>Isla de Tarifa - Turismo de Tarifa<\/title>\n<meta name=\"description\" content=\"Isla de las Palomas, or Tarifa, is the last rocky outcrop on the European continent, before submerging in the waters of the Strait.\" \/>\n<meta name=\"robots\" content=\"index, follow, max-snippet:-1, max-image-preview:large, max-video-preview:-1\" \/>\n<link rel=\"canonical\" href=\"https:\/\/turismodetarifa.com\/que-visitar\/isla-tarifa\/\" \/>\n<meta property=\"og:locale\" content=\"en_US\" \/>\n<meta property=\"og:type\" content=\"article\" \/>\n<meta property=\"og:title\" content=\"Isla de Tarifa - Turismo de Tarifa\" \/>\n<meta property=\"og:description\" content=\"Isla de las Palomas, or Tarifa, is the last rocky outcrop on the European continent, before submerging in the waters of the Strait.\" \/>\n<meta property=\"og:site_name\" content=\"Turismo de Tarifa\" \/>\n<meta property=\"article:publisher\" content=\"https:\/\/www.facebook.com\/TarifaUniverso\" \/>\n<meta property=\"article:modified_time\" content=\"2023-07-05T16:44:06+00:00\" \/>\n<meta property=\"og:image\" content=\"https:\/\/turismodetarifa.com\/wp-content\/uploads\/2023\/01\/logo-universo-tarifa.png\" \/>\n\t<meta property=\"og:image:width\" content=\"968\" \/>\n\t<meta property=\"og:image:height\" content=\"258\" \/>\n\t<meta property=\"og:image:type\" content=\"image\/png\" \/>\n<meta name=\"twitter:card\" content=\"summary_large_image\" \/>\n<meta name=\"twitter:site\" content=\"@universotarifa\" \/>\n<meta name=\"twitter:label1\" content=\"Est. reading time\" \/>\n\t<meta name=\"twitter:data1\" content=\"8 minutes\" \/>\n<script type=\"application\/ld+json\" class=\"yoast-schema-graph\">{\"@context\":\"https:\\\/\\\/schema.org\",\"@graph\":[{\"@type\":\"WebPage\",\"@id\":\"https:\\\/\\\/turismodetarifa.com\\\/que-visitar\\\/isla-tarifa\\\/\",\"url\":\"https:\\\/\\\/turismodetarifa.com\\\/que-visitar\\\/isla-tarifa\\\/\",\"name\":\"Isla de Tarifa - Turismo de Tarifa\",\"isPartOf\":{\"@id\":\"https:\\\/\\\/turismodetarifa.com\\\/#website\"},\"datePublished\":\"2023-01-17T11:22:39+00:00\",\"dateModified\":\"2023-07-05T16:44:06+00:00\",\"description\":\"Isla de las Palomas, or Tarifa, is the last rocky outcrop on the European continent, before submerging in the waters of the Strait.\",\"breadcrumb\":{\"@id\":\"https:\\\/\\\/turismodetarifa.com\\\/que-visitar\\\/isla-tarifa\\\/#breadcrumb\"},\"inLanguage\":\"en-US\",\"potentialAction\":[{\"@type\":\"ReadAction\",\"target\":[\"https:\\\/\\\/turismodetarifa.com\\\/que-visitar\\\/isla-tarifa\\\/\"]}]},{\"@type\":\"BreadcrumbList\",\"@id\":\"https:\\\/\\\/turismodetarifa.com\\\/que-visitar\\\/isla-tarifa\\\/#breadcrumb\",\"itemListElement\":[{\"@type\":\"ListItem\",\"position\":1,\"name\":\"Portada\",\"item\":\"https:\\\/\\\/turismodetarifa.com\\\/\"},{\"@type\":\"ListItem\",\"position\":2,\"name\":\"What to visit\",\"item\":\"https:\\\/\\\/turismodetarifa.com\\\/que-visitar\\\/\"},{\"@type\":\"ListItem\",\"position\":3,\"name\":\"Isla de Tarifa\"}]},{\"@type\":\"WebSite\",\"@id\":\"https:\\\/\\\/turismodetarifa.com\\\/#website\",\"url\":\"https:\\\/\\\/turismodetarifa.com\\\/\",\"name\":\"Turismo de Tarifa\",\"description\":\"Universo Tarifa. Destinados a encontrarnos.\",\"publisher\":{\"@id\":\"https:\\\/\\\/turismodetarifa.com\\\/#organization\"},\"alternateName\":\"Turismo de Tarifa\",\"potentialAction\":[{\"@type\":\"SearchAction\",\"target\":{\"@type\":\"EntryPoint\",\"urlTemplate\":\"https:\\\/\\\/turismodetarifa.com\\\/?s={search_term_string}\"},\"query-input\":{\"@type\":\"PropertyValueSpecification\",\"valueRequired\":true,\"valueName\":\"search_term_string\"}}],\"inLanguage\":\"en-US\"},{\"@type\":\"Organization\",\"@id\":\"https:\\\/\\\/turismodetarifa.com\\\/#organization\",\"name\":\"Turismo de Tarifa\",\"alternateName\":\"Turismo de Tarifa\",\"url\":\"https:\\\/\\\/turismodetarifa.com\\\/\",\"logo\":{\"@type\":\"ImageObject\",\"inLanguage\":\"en-US\",\"@id\":\"https:\\\/\\\/turismodetarifa.com\\\/#\\\/schema\\\/logo\\\/image\\\/\",\"url\":\"https:\\\/\\\/turismodetarifa.com\\\/wp-content\\\/uploads\\\/2024\\\/10\\\/cropped-logotipo-removebg-preview.png\",\"contentUrl\":\"https:\\\/\\\/turismodetarifa.com\\\/wp-content\\\/uploads\\\/2024\\\/10\\\/cropped-logotipo-removebg-preview.png\",\"width\":512,\"height\":512,\"caption\":\"Turismo de Tarifa\"},\"image\":{\"@id\":\"https:\\\/\\\/turismodetarifa.com\\\/#\\\/schema\\\/logo\\\/image\\\/\"},\"sameAs\":[\"https:\\\/\\\/www.facebook.com\\\/TarifaUniverso\",\"https:\\\/\\\/x.com\\\/universotarifa\",\"https:\\\/\\\/www.instagram.com\\\/universotarifaoficial\\\/\"]}]}<\/script>\n<!-- \/ Yoast SEO plugin. -->","yoast_head_json":{"title":"Isla de Tarifa - Turismo de Tarifa","description":"Isla de las Palomas, or Tarifa, is the last rocky outcrop on the European continent, before submerging in the waters of the Strait.","robots":{"index":"index","follow":"follow","max-snippet":"max-snippet:-1","max-image-preview":"max-image-preview:large","max-video-preview":"max-video-preview:-1"},"canonical":"https:\/\/turismodetarifa.com\/que-visitar\/isla-tarifa\/","og_locale":"en_US","og_type":"article","og_title":"Isla de Tarifa - Turismo de Tarifa","og_description":"Isla de las Palomas, or Tarifa, is the last rocky outcrop on the European continent, before submerging in the waters of the Strait.","og_site_name":"Turismo de Tarifa","article_publisher":"https:\/\/www.facebook.com\/TarifaUniverso","article_modified_time":"2023-07-05T16:44:06+00:00","og_image":[{"width":968,"height":258,"url":"https:\/\/turismodetarifa.com\/wp-content\/uploads\/2023\/01\/logo-universo-tarifa.png","type":"image\/png"}],"twitter_card":"summary_large_image","twitter_site":"@universotarifa","twitter_misc":{"Est. reading time":"8 minutes"},"schema":{"@context":"https:\/\/schema.org","@graph":[{"@type":"WebPage","@id":"https:\/\/turismodetarifa.com\/que-visitar\/isla-tarifa\/","url":"https:\/\/turismodetarifa.com\/que-visitar\/isla-tarifa\/","name":"Isla de Tarifa - Turismo de Tarifa","isPartOf":{"@id":"https:\/\/turismodetarifa.com\/#website"},"datePublished":"2023-01-17T11:22:39+00:00","dateModified":"2023-07-05T16:44:06+00:00","description":"Isla de las Palomas, or Tarifa, is the last rocky outcrop on the European continent, before submerging in the waters of the Strait.","breadcrumb":{"@id":"https:\/\/turismodetarifa.com\/que-visitar\/isla-tarifa\/#breadcrumb"},"inLanguage":"en-US","potentialAction":[{"@type":"ReadAction","target":["https:\/\/turismodetarifa.com\/que-visitar\/isla-tarifa\/"]}]},{"@type":"BreadcrumbList","@id":"https:\/\/turismodetarifa.com\/que-visitar\/isla-tarifa\/#breadcrumb","itemListElement":[{"@type":"ListItem","position":1,"name":"Portada","item":"https:\/\/turismodetarifa.com\/"},{"@type":"ListItem","position":2,"name":"What to visit","item":"https:\/\/turismodetarifa.com\/que-visitar\/"},{"@type":"ListItem","position":3,"name":"Isla de Tarifa"}]},{"@type":"WebSite","@id":"https:\/\/turismodetarifa.com\/#website","url":"https:\/\/turismodetarifa.com\/","name":"Turismo de Tarifa","description":"Universo Tarifa. Destinados a encontrarnos.","publisher":{"@id":"https:\/\/turismodetarifa.com\/#organization"},"alternateName":"Turismo de Tarifa","potentialAction":[{"@type":"SearchAction","target":{"@type":"EntryPoint","urlTemplate":"https:\/\/turismodetarifa.com\/?s={search_term_string}"},"query-input":{"@type":"PropertyValueSpecification","valueRequired":true,"valueName":"search_term_string"}}],"inLanguage":"en-US"},{"@type":"Organization","@id":"https:\/\/turismodetarifa.com\/#organization","name":"Turismo de Tarifa","alternateName":"Turismo de Tarifa","url":"https:\/\/turismodetarifa.com\/","logo":{"@type":"ImageObject","inLanguage":"en-US","@id":"https:\/\/turismodetarifa.com\/#\/schema\/logo\/image\/","url":"https:\/\/turismodetarifa.com\/wp-content\/uploads\/2024\/10\/cropped-logotipo-removebg-preview.png","contentUrl":"https:\/\/turismodetarifa.com\/wp-content\/uploads\/2024\/10\/cropped-logotipo-removebg-preview.png","width":512,"height":512,"caption":"Turismo de Tarifa"},"image":{"@id":"https:\/\/turismodetarifa.com\/#\/schema\/logo\/image\/"},"sameAs":["https:\/\/www.facebook.com\/TarifaUniverso","https:\/\/x.com\/universotarifa","https:\/\/www.instagram.com\/universotarifaoficial\/"]}]}},"_links":{"self":[{"href":"https:\/\/turismodetarifa.com\/en\/wp-json\/wp\/v2\/pages\/249850","targetHints":{"allow":["GET"]}}],"collection":[{"href":"https:\/\/turismodetarifa.com\/en\/wp-json\/wp\/v2\/pages"}],"about":[{"href":"https:\/\/turismodetarifa.com\/en\/wp-json\/wp\/v2\/types\/page"}],"author":[{"embeddable":true,"href":"https:\/\/turismodetarifa.com\/en\/wp-json\/wp\/v2\/users\/1"}],"replies":[{"embeddable":true,"href":"https:\/\/turismodetarifa.com\/en\/wp-json\/wp\/v2\/comments?post=249850"}],"version-history":[{"count":0,"href":"https:\/\/turismodetarifa.com\/en\/wp-json\/wp\/v2\/pages\/249850\/revisions"}],"up":[{"embeddable":true,"href":"https:\/\/turismodetarifa.com\/en\/wp-json\/wp\/v2\/pages\/249834"}],"wp:attachment":[{"href":"https:\/\/turismodetarifa.com\/en\/wp-json\/wp\/v2\/media?parent=249850"}],"curies":[{"name":"wp","href":"https:\/\/api.w.org\/{rel}","templated":true}]}}