{"id":249856,"date":"2023-01-17T12:23:42","date_gmt":"2023-01-17T11:23:42","guid":{"rendered":"https:\/\/turismodetarifa.com\/what-to-visit\/routes-through-the-historical-ensemble-of-tarifa\/"},"modified":"2023-07-05T19:09:18","modified_gmt":"2023-07-05T17:09:18","slug":"routes-through-the-historical-ensemble-of-tarifa","status":"publish","type":"page","link":"https:\/\/turismodetarifa.com\/en\/what-to-visit\/routes-through-the-historical-ensemble-of-tarifa\/","title":{"rendered":"Routes through the Historical Ensemble of Tarifa"},"content":{"rendered":"\n[et_pb_section fb_built=&#8221;1&#8243; make_equal=&#8221;on&#8221; specialty=&#8221;on&#8221; bg_img_1=&#8221;https:\/\/turismodetarifa.com\/wp-content\/uploads\/2023\/01\/shutterstock_136009961.jpg&#8221; _builder_version=&#8221;4.19.4&#8243; _module_preset=&#8221;default&#8221; custom_padding=&#8221;||0px|||&#8221; global_colors_info=&#8221;{}&#8221;][et_pb_column type=&#8221;1_2&#8243; _builder_version=&#8221;4.16&#8243; custom_padding=&#8221;|||&#8221; global_colors_info=&#8221;{}&#8221; custom_padding__hover=&#8221;|||&#8221;][et_pb_image src=&#8221;https:\/\/turismodetarifa.com\/wp-content\/uploads\/2023\/01\/shutterstock_136009961.jpg&#8221; title_text=&#8221;View,Over,The,City,Of,Tarifa,,Province,Of,Cadiz,,Andalusia&#8221; align_tablet=&#8221;center&#8221; align_phone=&#8221;center&#8221; align_last_edited=&#8221;on|desktop&#8221; disabled_on=&#8221;off|off|on&#8221; _builder_version=&#8221;4.19.4&#8243; custom_margin=&#8221;||||false|false&#8221; animation_direction=&#8221;left&#8221; border_radii=&#8221;on|3px|3px|3px|3px&#8221; box_shadow_style=&#8221;preset2&#8243; box_shadow_horizontal=&#8221;33px&#8221; box_shadow_vertical=&#8221;52px&#8221; box_shadow_blur=&#8221;80px&#8221; box_shadow_color=&#8221;rgba(0,36,73,0.07)&#8221; global_colors_info=&#8221;{}&#8221;][\/et_pb_image][\/et_pb_column][et_pb_column type=&#8221;1_2&#8243; specialty_columns=&#8221;2&#8243; _builder_version=&#8221;4.16&#8243; custom_padding=&#8221;|||&#8221; global_colors_info=&#8221;{}&#8221; custom_padding__hover=&#8221;|||&#8221;][et_pb_row_inner _builder_version=&#8221;4.19.4&#8243; _module_preset=&#8221;default&#8221; custom_padding=&#8221;||0px||false|false&#8221; global_colors_info=&#8221;{}&#8221;][et_pb_column_inner saved_specialty_column_type=&#8221;1_2&#8243; _builder_version=&#8221;4.19.4&#8243; _module_preset=&#8221;default&#8221; global_colors_info=&#8221;{}&#8221;][et_pb_cta title=&#8221;Routes through the Historical Ensemble of Tarifa&#8221; button_url=&#8221;#TOP&#8221; _builder_version=&#8221;4.19.4&#8243; header_level=&#8221;h1&#8243; header_font_size=&#8221;60px&#8221; header_line_height=&#8221;1.5em&#8221; body_font=&#8221;Noto Sans||||||||&#8221; body_font_size=&#8221;17px&#8221; body_line_height=&#8221;2em&#8221; use_background_color=&#8221;off&#8221; custom_button=&#8221;on&#8221; button_text_size=&#8221;17px&#8221; button_text_color=&#8221;#ffffff&#8221; button_bg_color=&#8221;#ff6b5a&#8221; button_border_width=&#8221;5px&#8221; button_border_color=&#8221;#ff6b5a&#8221; button_border_radius=&#8221;100px&#8221; button_font=&#8221;Noto Sans|700||on|||||&#8221; button_use_icon=&#8221;off&#8221; text_orientation=&#8221;left&#8221; background_layout=&#8221;light&#8221; custom_margin=&#8221;||||false|false&#8221; header_font_size_tablet=&#8221;&#8221; header_font_size_phone=&#8221;34px&#8221; header_font_size_last_edited=&#8221;on|phone&#8221; button_text_color_hover=&#8221;#ffffff&#8221; button_border_color_hover=&#8221;#ff9e59&#8243; button_bg_color_hover=&#8221;#ff9e59&#8243; global_colors_info=&#8221;{}&#8221; button_text_size__hover_enabled=&#8221;off&#8221; button_one_text_size__hover_enabled=&#8221;off&#8221; button_two_text_size__hover_enabled=&#8221;off&#8221; button_text_color__hover_enabled=&#8221;on&#8221; button_text_color__hover=&#8221;#ffffff&#8221; button_one_text_color__hover_enabled=&#8221;off&#8221; button_two_text_color__hover_enabled=&#8221;off&#8221; button_border_width__hover_enabled=&#8221;off&#8221; button_one_border_width__hover_enabled=&#8221;off&#8221; button_two_border_width__hover_enabled=&#8221;off&#8221; button_border_color__hover_enabled=&#8221;on&#8221; button_border_color__hover=&#8221;#ff9e59&#8243; button_one_border_color__hover_enabled=&#8221;off&#8221; button_two_border_color__hover_enabled=&#8221;off&#8221; button_border_radius__hover_enabled=&#8221;off&#8221; button_one_border_radius__hover_enabled=&#8221;off&#8221; button_two_border_radius__hover_enabled=&#8221;off&#8221; button_letter_spacing__hover_enabled=&#8221;off&#8221; button_one_letter_spacing__hover_enabled=&#8221;off&#8221; button_two_letter_spacing__hover_enabled=&#8221;off&#8221; button_bg_color__hover_enabled=&#8221;on&#8221; button_bg_color__hover=&#8221;#ff9e59&#8243; button_one_bg_color__hover_enabled=&#8221;off&#8221; button_two_bg_color__hover_enabled=&#8221;off&#8221;]<p>The city has been declared a Historic Complex. Our visitors will be able to find multiple corners and details that will attract them.<\/p>[\/et_pb_cta][\/et_pb_column_inner][\/et_pb_row_inner][et_pb_row_inner _builder_version=&#8221;4.19.4&#8243; _module_preset=&#8221;default&#8221; custom_padding=&#8221;||0px||false|false&#8221; global_colors_info=&#8221;{}&#8221;][et_pb_column_inner saved_specialty_column_type=&#8221;1_2&#8243; _builder_version=&#8221;4.19.4&#8243; _module_preset=&#8221;default&#8221; global_colors_info=&#8221;{}&#8221;][et_pb_button button_text=&#8221;This is tarifa&#8221; button_alignment=&#8221;left&#8221; module_class=&#8221;boton&#8221; _builder_version=&#8221;4.19.4&#8243; _module_preset=&#8221;default&#8221; custom_button=&#8221;on&#8221; button_text_size=&#8221;16px&#8221; button_text_color=&#8221;#000000&#8243; button_bg_color=&#8221;#FFC845&#8243; button_border_width=&#8221;0px&#8221; button_border_radius=&#8221;0px&#8221; button_letter_spacing=&#8221;0px&#8221; button_font=&#8221;||||||||&#8221; button_use_icon=&#8221;off&#8221; position_origin_f=&#8221;top_center&#8221; custom_margin_tablet=&#8221;-13px||||false|false&#8221; custom_margin_phone=&#8221;0px||||false|false&#8221; custom_margin_last_edited=&#8221;off|desktop&#8221; custom_padding=&#8221;10px|10px|10px|10px|true|true&#8221; custom_padding_tablet=&#8221;12px|30px|12px|30px|true|true&#8221; custom_padding_phone=&#8221;10px|20px|10px|20px|true|true&#8221; custom_padding_last_edited=&#8221;on|phone&#8221; button_text_size_tablet=&#8221;13px&#8221; button_text_size_phone=&#8221;12px&#8221; button_text_size_last_edited=&#8221;on|tablet&#8221; global_colors_info=&#8221;{}&#8221; button_bg_color__hover=&#8221;#019ca3&#8243; button_bg_color__hover_enabled=&#8221;off|desktop&#8221;][\/et_pb_button][\/et_pb_column_inner][\/et_pb_row_inner][\/et_pb_column][\/et_pb_section][et_pb_section fb_built=&#8221;1&#8243; _builder_version=&#8221;4.19.4&#8243; _module_preset=&#8221;default&#8221; global_colors_info=&#8221;{}&#8221;][et_pb_row _builder_version=&#8221;4.19.4&#8243; _module_preset=&#8221;default&#8221; global_colors_info=&#8221;{}&#8221;][et_pb_column type=&#8221;4_4&#8243; _builder_version=&#8221;4.19.4&#8243; _module_preset=&#8221;default&#8221; global_colors_info=&#8221;{}&#8221;][et_pb_text admin_label=&#8221;Title&#8221; _builder_version=&#8221;4.19.4&#8243; text_font=&#8221;Noto Sans||||||||&#8221; text_font_size=&#8221;17px&#8221; text_line_height=&#8221;2em&#8221; link_font=&#8221;||||||||&#8221; ul_font=&#8221;||||||||&#8221; ol_font=&#8221;||||||||&#8221; quote_font=&#8221;||||||||&#8221; header_font=&#8221;||||||||&#8221; header_text_align=&#8221;center&#8221; header_2_font_size=&#8221;44px&#8221; header_2_line_height=&#8221;1.5em&#8221; header_3_font=&#8221;||||||||&#8221; module_alignment=&#8221;center&#8221; header_2_font_size_tablet=&#8221;&#8221; header_2_font_size_phone=&#8221;34px&#8221; header_2_font_size_last_edited=&#8221;on|phone&#8221; locked=&#8221;off&#8221; global_colors_info=&#8221;{}&#8221;]<p>The wall has marked its limits until recently. The first neighborhoods that emerged outside the walls were demolished during the Napoleonic invasion to make their defense easier. With a few exceptions, the historic center has been preserved quite well. It has numerous traditional dwellings, always with an entrance hall and patio structure, around which the space is organized. Many of them are Baroque buildings, in which the courtyard arches rest on both stone columns and octagonal brick piers. Many others are built in the 19th century.<\/p>\n<p>The blocks of houses are usually large, and internal distribution corridors run through them, which on some occasions have access to two streets. These are usually narrow and often with bends, so that the wind is avoided. There are several main arteries that run through the city. In the upper part, the main access is the Puerta de Jerez, and from it, parallel to the wall, runs the beautiful Calle Silos, named after the presence of the old Cilla Decimal, in which the tithes paid to the church of the crops in the area. Today it retains its beautiful barrel-vaulted naves, which house a restaurant. On its other side is Calle Cilla, which makes its way into the wall through the Boquete de la Cilla, cut down to the bedrock, from which the name Calle Pe\u00f1ita also comes.<\/p>\n<p>The straightest way to go down to the city can be taken along Calle Nuestra Se\u00f1ora de la Luz, with several notable buildings, or along the almost parallel Calle Jerez, narrower and cozier. We will stop at Sancho IV el Bravo street, known by the people of Tarifa as La Calzada. Its shape, which is sometimes meandering, is due to the fact that it is built on the old bed of the stream that crossed the lowest part of the town. At the end of the 19th century it was diverted and covered as it was a source of unhealthiness and because of the danger of floods. In it we can find the church of San Mateo, and also some of the most traditional businesses in town. The whole environment has many details to discover, such as Azogues street, with some of the oldest civil buildings in Tarifa. From there we can continue through Coronel Moscard\u00f3 Street &#8211; where we find the Municipal Exhibition Hall in the Royal Prison. We continue towards the Plaza del Mes\u00f3n, with its fountain that was the first one built in Tarifa, in 1831. From there, we go towards Guzm\u00e1n el Bueno and Aljaranda streets, whose houses are attached to the castle and the walls, and from there we arrive at the viewpoint Miramar, with fantastic views of the Strait of Gibraltar and \u00c1frica. A little further on we can find Plaza de Santa Mar\u00eda or \u201cde las ranitas\u201d. In it we find the Town Hall, the P\u00f3sito, from the 18th century, and the old Miguel de Cervantes school group, today the Library, which is one of the three buildings built in the neo-Mudejar style around 1924, under the Dictatorship of Primo de Rivera.<\/p>\n<p>Among the shops in Tarifa, the numerous shops selling items related to wind sports stand out, but also a casual style of dress, more than a fashion, that characterizes Tarifa. Many of the shops are located on Calle Batalla del Salado, in the so-called &#8220;outside neighborhood&#8221; by the people of Tarifa. This area is accessed from the Puerta de Jerez. But we cannot forget other shops that sell local products, such as canned fish, until not many years ago the basis of the Tarifa economy, the famous patisseries of the town or something as everyday as the &#8220;macho&#8221; bread, which is delicious here. In the beautiful central market, next to the Alameda, you can buy fresh products. There are also numerous tapas restaurants and bars, with a varied offer among which the protagonist is once again fish, such as tuna and voraz, but without forgetting the tasty retinto meat, local cattle raised in freedom in the spacious Tarifa countryside, snails or vegetarian dishes such as tagarninas or nettles. At night you can have a drink in the numerous bars, which sometimes occupy a monument, as is the case of the Puerta de la Almedina, as well as spend the night in an accommodation, some of which are very charming.<\/p>[\/et_pb_text][\/et_pb_column][\/et_pb_row][\/et_pb_section][et_pb_section fb_built=&#8221;1&#8243; admin_label=&#8221;Travel History&#8221; _builder_version=&#8221;4.19.4&#8243; background_color=&#8221;rgba(0,0,0,0.15)&#8221; background_image=&#8221;https:\/\/turismodetarifa.com\/wp-content\/uploads\/2023\/01\/shutterstock_105955283-scaled-e1673541581529.jpg&#8221; background_blend=&#8221;overlay&#8221; custom_margin=&#8221;||||false|false&#8221; custom_padding=&#8221;120px||120px||true|false&#8221; locked=&#8221;off&#8221; global_colors_info=&#8221;{}&#8221;][et_pb_row _builder_version=&#8221;4.19.4&#8243; _module_preset=&#8221;default&#8221; locked=&#8221;off&#8221; global_colors_info=&#8221;{}&#8221;][et_pb_column type=&#8221;4_4&#8243; _builder_version=&#8221;4.19.4&#8243; _module_preset=&#8221;default&#8221; global_colors_info=&#8221;{}&#8221;][et_pb_text admin_label=&#8221;Title&#8221; _builder_version=&#8221;4.19.4&#8243; text_font_size=&#8221;17px&#8221; text_line_height=&#8221;2em&#8221; link_font=&#8221;||||||||&#8221; ul_font=&#8221;||||||||&#8221; ol_font=&#8221;||||||||&#8221; quote_font=&#8221;||||||||&#8221; header_font=&#8221;||||||||&#8221; header_text_align=&#8221;center&#8221; header_2_font_size=&#8221;44px&#8221; header_2_line_height=&#8221;1.5em&#8221; header_3_font=&#8221;||||||||&#8221; text_orientation=&#8221;center&#8221; background_layout=&#8221;dark&#8221; max_width=&#8221;800px&#8221; module_alignment=&#8221;center&#8221; header_2_font_size_tablet=&#8221;&#8221; header_2_font_size_phone=&#8221;24px&#8221; header_2_font_size_last_edited=&#8221;on|phone&#8221; header_2_text_shadow_style=&#8221;preset4&#8243; header_2_text_shadow_horizontal_length=&#8221;0.03em&#8221; header_2_text_shadow_vertical_length=&#8221;0.03em&#8221; locked=&#8221;off&#8221; global_colors_info=&#8221;{}&#8221;]<h2>#destinadosaencontrarnos<\/h2>[\/et_pb_text][\/et_pb_column][\/et_pb_row][\/et_pb_section]\n","protected":false},"excerpt":{"rendered":"<p>The city has been declared a Historic Complex. Our visitors will be able to find multiple corners and details that will attract them.The wall has marked its limits until recently. The first neighborhoods that emerged outside the walls were demolished during the Napoleonic invasion to make their defense easier. With a few exceptions, the historic center has been preserved quite well. It has numerous traditional dwellings, always with an entrance hall and patio structure, around which the space is organized. Many of them are Baroque buildings, in which the courtyard arches rest on both stone columns and octagonal brick piers. Many others are built in the 19th century. The blocks of houses are usually large, and internal distribution corridors run through them, which on some occasions have access to two streets. These are usually narrow and often with bends, so that the wind is avoided. There are several main arteries that run through the city. In the upper part, the main access is the Puerta de Jerez, and from it, parallel to the wall, runs the beautiful Calle Silos, named after the presence of the old Cilla Decimal, in which the tithes paid to the church of the crops in [&hellip;]<\/p>\n","protected":false},"author":1,"featured_media":0,"parent":249834,"menu_order":0,"comment_status":"closed","ping_status":"closed","template":"","meta":{"_acf_changed":false,"_et_pb_use_builder":"on","_et_pb_old_content":"","_et_gb_content_width":"","footnotes":""},"class_list":["post-249856","page","type-page","status-publish","hentry"],"acf":[],"yoast_head":"<!-- This site is optimized with the Yoast SEO plugin v27.4 - https:\/\/yoast.com\/product\/yoast-seo-wordpress\/ -->\n<title>Routes through the Historical Ensemble of Tarifa - Turismo de Tarifa<\/title>\n<meta name=\"description\" content=\"Our visitor can get lost in the streets of the city, declared a Historic Site, and will be able to find multiple corners and details that will attract them.\" \/>\n<meta name=\"robots\" content=\"index, follow, max-snippet:-1, max-image-preview:large, max-video-preview:-1\" \/>\n<link rel=\"canonical\" href=\"https:\/\/turismodetarifa.com\/que-visitar\/rutas-conjunto-historico\/\" \/>\n<meta property=\"og:locale\" content=\"en_US\" \/>\n<meta property=\"og:type\" content=\"article\" \/>\n<meta property=\"og:title\" content=\"Routes through the Historical Ensemble of Tarifa - Turismo de Tarifa\" \/>\n<meta property=\"og:description\" content=\"Our visitor can get lost in the streets of the city, declared a Historic Site, and will be able to find multiple corners and details that will attract them.\" \/>\n<meta property=\"og:site_name\" content=\"Turismo de Tarifa\" \/>\n<meta property=\"article:publisher\" content=\"https:\/\/www.facebook.com\/TarifaUniverso\" \/>\n<meta property=\"article:modified_time\" content=\"2023-07-05T17:09:18+00:00\" \/>\n<meta property=\"og:image\" content=\"https:\/\/turismodetarifa.com\/wp-content\/uploads\/2023\/01\/logo-universo-tarifa.png\" \/>\n\t<meta property=\"og:image:width\" content=\"968\" \/>\n\t<meta property=\"og:image:height\" content=\"258\" \/>\n\t<meta property=\"og:image:type\" content=\"image\/png\" \/>\n<meta name=\"twitter:card\" content=\"summary_large_image\" \/>\n<meta name=\"twitter:site\" content=\"@universotarifa\" \/>\n<meta name=\"twitter:label1\" content=\"Est. reading time\" \/>\n\t<meta name=\"twitter:data1\" content=\"8 minutes\" \/>\n<script type=\"application\/ld+json\" class=\"yoast-schema-graph\">{\"@context\":\"https:\\\/\\\/schema.org\",\"@graph\":[{\"@type\":\"WebPage\",\"@id\":\"https:\\\/\\\/turismodetarifa.com\\\/que-visitar\\\/rutas-conjunto-historico\\\/\",\"url\":\"https:\\\/\\\/turismodetarifa.com\\\/que-visitar\\\/rutas-conjunto-historico\\\/\",\"name\":\"Routes through the Historical Ensemble of Tarifa - Turismo de Tarifa\",\"isPartOf\":{\"@id\":\"https:\\\/\\\/turismodetarifa.com\\\/#website\"},\"datePublished\":\"2023-01-17T11:23:42+00:00\",\"dateModified\":\"2023-07-05T17:09:18+00:00\",\"description\":\"Our visitor can get lost in the streets of the city, declared a Historic Site, and will be able to find multiple corners and details that will attract them.\",\"breadcrumb\":{\"@id\":\"https:\\\/\\\/turismodetarifa.com\\\/que-visitar\\\/rutas-conjunto-historico\\\/#breadcrumb\"},\"inLanguage\":\"en-US\",\"potentialAction\":[{\"@type\":\"ReadAction\",\"target\":[\"https:\\\/\\\/turismodetarifa.com\\\/que-visitar\\\/rutas-conjunto-historico\\\/\"]}]},{\"@type\":\"BreadcrumbList\",\"@id\":\"https:\\\/\\\/turismodetarifa.com\\\/que-visitar\\\/rutas-conjunto-historico\\\/#breadcrumb\",\"itemListElement\":[{\"@type\":\"ListItem\",\"position\":1,\"name\":\"Portada\",\"item\":\"https:\\\/\\\/turismodetarifa.com\\\/\"},{\"@type\":\"ListItem\",\"position\":2,\"name\":\"What to visit\",\"item\":\"https:\\\/\\\/turismodetarifa.com\\\/que-visitar\\\/\"},{\"@type\":\"ListItem\",\"position\":3,\"name\":\"Routes through the Historical Ensemble of Tarifa\"}]},{\"@type\":\"WebSite\",\"@id\":\"https:\\\/\\\/turismodetarifa.com\\\/#website\",\"url\":\"https:\\\/\\\/turismodetarifa.com\\\/\",\"name\":\"Turismo de Tarifa\",\"description\":\"Universo Tarifa. Destinados a encontrarnos.\",\"publisher\":{\"@id\":\"https:\\\/\\\/turismodetarifa.com\\\/#organization\"},\"alternateName\":\"Turismo de Tarifa\",\"potentialAction\":[{\"@type\":\"SearchAction\",\"target\":{\"@type\":\"EntryPoint\",\"urlTemplate\":\"https:\\\/\\\/turismodetarifa.com\\\/?s={search_term_string}\"},\"query-input\":{\"@type\":\"PropertyValueSpecification\",\"valueRequired\":true,\"valueName\":\"search_term_string\"}}],\"inLanguage\":\"en-US\"},{\"@type\":\"Organization\",\"@id\":\"https:\\\/\\\/turismodetarifa.com\\\/#organization\",\"name\":\"Turismo de Tarifa\",\"alternateName\":\"Turismo de Tarifa\",\"url\":\"https:\\\/\\\/turismodetarifa.com\\\/\",\"logo\":{\"@type\":\"ImageObject\",\"inLanguage\":\"en-US\",\"@id\":\"https:\\\/\\\/turismodetarifa.com\\\/#\\\/schema\\\/logo\\\/image\\\/\",\"url\":\"https:\\\/\\\/turismodetarifa.com\\\/wp-content\\\/uploads\\\/2024\\\/10\\\/cropped-logotipo-removebg-preview.png\",\"contentUrl\":\"https:\\\/\\\/turismodetarifa.com\\\/wp-content\\\/uploads\\\/2024\\\/10\\\/cropped-logotipo-removebg-preview.png\",\"width\":512,\"height\":512,\"caption\":\"Turismo de Tarifa\"},\"image\":{\"@id\":\"https:\\\/\\\/turismodetarifa.com\\\/#\\\/schema\\\/logo\\\/image\\\/\"},\"sameAs\":[\"https:\\\/\\\/www.facebook.com\\\/TarifaUniverso\",\"https:\\\/\\\/x.com\\\/universotarifa\",\"https:\\\/\\\/www.instagram.com\\\/universotarifaoficial\\\/\"]}]}<\/script>\n<!-- \/ Yoast SEO plugin. -->","yoast_head_json":{"title":"Routes through the Historical Ensemble of Tarifa - Turismo de Tarifa","description":"Our visitor can get lost in the streets of the city, declared a Historic Site, and will be able to find multiple corners and details that will attract them.","robots":{"index":"index","follow":"follow","max-snippet":"max-snippet:-1","max-image-preview":"max-image-preview:large","max-video-preview":"max-video-preview:-1"},"canonical":"https:\/\/turismodetarifa.com\/que-visitar\/rutas-conjunto-historico\/","og_locale":"en_US","og_type":"article","og_title":"Routes through the Historical Ensemble of Tarifa - Turismo de Tarifa","og_description":"Our visitor can get lost in the streets of the city, declared a Historic Site, and will be able to find multiple corners and details that will attract them.","og_site_name":"Turismo de Tarifa","article_publisher":"https:\/\/www.facebook.com\/TarifaUniverso","article_modified_time":"2023-07-05T17:09:18+00:00","og_image":[{"width":968,"height":258,"url":"https:\/\/turismodetarifa.com\/wp-content\/uploads\/2023\/01\/logo-universo-tarifa.png","type":"image\/png"}],"twitter_card":"summary_large_image","twitter_site":"@universotarifa","twitter_misc":{"Est. reading time":"8 minutes"},"schema":{"@context":"https:\/\/schema.org","@graph":[{"@type":"WebPage","@id":"https:\/\/turismodetarifa.com\/que-visitar\/rutas-conjunto-historico\/","url":"https:\/\/turismodetarifa.com\/que-visitar\/rutas-conjunto-historico\/","name":"Routes through the Historical Ensemble of Tarifa - Turismo de Tarifa","isPartOf":{"@id":"https:\/\/turismodetarifa.com\/#website"},"datePublished":"2023-01-17T11:23:42+00:00","dateModified":"2023-07-05T17:09:18+00:00","description":"Our visitor can get lost in the streets of the city, declared a Historic Site, and will be able to find multiple corners and details that will attract them.","breadcrumb":{"@id":"https:\/\/turismodetarifa.com\/que-visitar\/rutas-conjunto-historico\/#breadcrumb"},"inLanguage":"en-US","potentialAction":[{"@type":"ReadAction","target":["https:\/\/turismodetarifa.com\/que-visitar\/rutas-conjunto-historico\/"]}]},{"@type":"BreadcrumbList","@id":"https:\/\/turismodetarifa.com\/que-visitar\/rutas-conjunto-historico\/#breadcrumb","itemListElement":[{"@type":"ListItem","position":1,"name":"Portada","item":"https:\/\/turismodetarifa.com\/"},{"@type":"ListItem","position":2,"name":"What to visit","item":"https:\/\/turismodetarifa.com\/que-visitar\/"},{"@type":"ListItem","position":3,"name":"Routes through the Historical Ensemble of Tarifa"}]},{"@type":"WebSite","@id":"https:\/\/turismodetarifa.com\/#website","url":"https:\/\/turismodetarifa.com\/","name":"Turismo de Tarifa","description":"Universo Tarifa. Destinados a encontrarnos.","publisher":{"@id":"https:\/\/turismodetarifa.com\/#organization"},"alternateName":"Turismo de Tarifa","potentialAction":[{"@type":"SearchAction","target":{"@type":"EntryPoint","urlTemplate":"https:\/\/turismodetarifa.com\/?s={search_term_string}"},"query-input":{"@type":"PropertyValueSpecification","valueRequired":true,"valueName":"search_term_string"}}],"inLanguage":"en-US"},{"@type":"Organization","@id":"https:\/\/turismodetarifa.com\/#organization","name":"Turismo de Tarifa","alternateName":"Turismo de Tarifa","url":"https:\/\/turismodetarifa.com\/","logo":{"@type":"ImageObject","inLanguage":"en-US","@id":"https:\/\/turismodetarifa.com\/#\/schema\/logo\/image\/","url":"https:\/\/turismodetarifa.com\/wp-content\/uploads\/2024\/10\/cropped-logotipo-removebg-preview.png","contentUrl":"https:\/\/turismodetarifa.com\/wp-content\/uploads\/2024\/10\/cropped-logotipo-removebg-preview.png","width":512,"height":512,"caption":"Turismo de Tarifa"},"image":{"@id":"https:\/\/turismodetarifa.com\/#\/schema\/logo\/image\/"},"sameAs":["https:\/\/www.facebook.com\/TarifaUniverso","https:\/\/x.com\/universotarifa","https:\/\/www.instagram.com\/universotarifaoficial\/"]}]}},"_links":{"self":[{"href":"https:\/\/turismodetarifa.com\/en\/wp-json\/wp\/v2\/pages\/249856","targetHints":{"allow":["GET"]}}],"collection":[{"href":"https:\/\/turismodetarifa.com\/en\/wp-json\/wp\/v2\/pages"}],"about":[{"href":"https:\/\/turismodetarifa.com\/en\/wp-json\/wp\/v2\/types\/page"}],"author":[{"embeddable":true,"href":"https:\/\/turismodetarifa.com\/en\/wp-json\/wp\/v2\/users\/1"}],"replies":[{"embeddable":true,"href":"https:\/\/turismodetarifa.com\/en\/wp-json\/wp\/v2\/comments?post=249856"}],"version-history":[{"count":0,"href":"https:\/\/turismodetarifa.com\/en\/wp-json\/wp\/v2\/pages\/249856\/revisions"}],"up":[{"embeddable":true,"href":"https:\/\/turismodetarifa.com\/en\/wp-json\/wp\/v2\/pages\/249834"}],"wp:attachment":[{"href":"https:\/\/turismodetarifa.com\/en\/wp-json\/wp\/v2\/media?parent=249856"}],"curies":[{"name":"wp","href":"https:\/\/api.w.org\/{rel}","templated":true}]}}