{"id":251208,"date":"2024-12-20T09:11:40","date_gmt":"2024-12-20T08:11:40","guid":{"rendered":"https:\/\/turismodetarifa.com\/?page_id=251208"},"modified":"2024-12-20T09:12:40","modified_gmt":"2024-12-20T08:12:40","slug":"tarifa-fortified-city","status":"publish","type":"page","link":"https:\/\/turismodetarifa.com\/en\/tarifa-fortified-city\/","title":{"rendered":"TARIFA, FORTIFIED CITY"},"content":{"rendered":"\n<p>Tarifa was significant during the Islamic period due to its strategic location. Starting from the caliphal castle, three successive walled enclosures were built: Almedina (of which a spectacular gate of the same name is preserved), Aljaranda and the last and largest known as Arrabal, with its main entrance was Jerez Gate. As the city grew, some sections were enclosed between houses, and their structures were sometimes used for other constructions. Today, Tarifa is still a fortified city, one of the best-preserved in Spain.<br>Texto: Alejandro P\u00e9rez-Malumbres Landa<br>Translation: Juan Glez.Fleta<\/p>\n\n\n\n<p>Photo: General Map Fortified Route<\/p>\n\n\n\n<p><strong>1- CASTLE OF GUZMAN EL BUENO<br><\/strong>Its construction is actually attributed to Abd al-Rahman III, first Umayyad caliph of Al-Andalus, which purpose was to control the Strait facing its Fatimid rivals in North Africa. During the Almohad period, it was reinforced with a barbican or a wall outside of, and after the Christian conquest in 1292, the Tower of Homage was erected. During the 15th and 16th centuries, it was enriched with decorations and adapted as a noble residence by Enr\u00edquez de Ribera family, descendants of Guzm\u00e1n el Bueno.<br>The octagonal tower in front of us is an albarrana tower which tradition places as the spot where Guzm\u00e1n el Bueno threw his dagger (hence its name). It likely had more height originally. Next to it, the river that crossed the town flowed, through a portcullis in the wall.<br>Texto: Alejandro P\u00e9rez-Malumbres Landa<br>Translation: Juan Glez. Fleta<\/p>\n\n\n\n<p><strong>2- WATCHTOWER OR TOWER OF SANTA MARIA<\/strong><br>This slender tower receives its two names, on the one hand, due to its privileged location on a promontory with good visibility and, on the other hand, due to its proximity to the intramural church of Santa Maria. It marks the beginning of the walled enclosure of Almedina, built on a rocky outcrop by the sea. At its base, where the Port is now located, there were at least in the 16th and 17th centuries some shipyards.<br>Texto: Alejandro P\u00e9rez-Malumbres Landa<br>Translation: Juan Glez. Fleta<br>Image: View of the Tower<\/p>\n\n\n\n<p><strong>3- MIRAMAR TOWER<br><\/strong>Originally, this large tower closed the southeast corner of the first urban wall, that of Almedina, which turned inward from here. It was later renovated. Its walls are enriched with reused Roman columns and painted and incised decorations in lime including a large sloping base where the sea almost used to reach.<br>Texto: Alejandro P\u00e9rez-Malumbres Landa<br>Translation: Juan Glez. Fleta<br>Image: Sgraffito details decoration on the side (Alejandro P\u00e9rez-Malumbres Landa) -General view of the tower.<\/p>\n\n\n\n<p>4- MADEROS TOWER<br>Also known as Tower of Saavedra, it is one of the main towers of the Aljaranda enclosure. It was remodeled and expanded to house artillery in 1771 by Governor Isidro de Peralta, as indicated by an inscription on the corner. Graffitis from the 18th century depicting sailboats, a bagpipe, or a well-executed female face are preserved in the plaster.<br>Texto: Alejandro P\u00e9rez-Malumbres Landa<br>Translation: Juan Glez. Fleta<br>Image:<br>-Photo of Isidro de Peralta&#8217;s inscription (Alejandro P\u00e9rez-Malumbres Landa)<br>-Graffiti on the plaster (Alejandro P\u00e9rez-Malumbres Landa)<br>-Side where the original tower and the addition are visible (Alejandro P\u00e9rez-Malumbres Landa).<\/p>\n\n\n\n<p><strong>5- SANTIAGO POSTERN AND FRONT<\/strong><br>Most of the attacks on the city have occurred in this sector since there is a hill opposite the wall at the same height. Below the current street, there used to be a moat.<br>The Christian conquest in 1292 took place through this postern or small gate, connecting with the homonymous church inside the walls, named Santiago as the patron saint of Spain, a common dedication in times of conquest. It was recently rediscovered.<br>Texto: Alejandro P\u00e9rez-Malumbres Landa<br>Translation: Juan Glez. Fleta<br>Image: B\/W photo with a path<\/p>\n\n\n\n<p><strong>6- JESUS TOWER<\/strong><br>It is named after a carving of Christ which, also, gave a second name to the church of Santiago where it was located, and, by extension, to the entire neighborhood. The tower is large, as it defends a corner. After the Christian conquest, it was renovated, and in modern times, a battery was installed. At its base, remains of the barbican or outer wall are preserved.<br>Texto: Alejandro P\u00e9rez-Malumbres Landa<br>Translation: Juan Glez. Fleta<br>Image: Tower of Jesus with the barbican at its base.<\/p>\n\n\n\n<p><strong>7- RETIRO GATE<br><\/strong>The stream of Tarifa, which was diverted in the late 19th century, entered the city through a sluice located on it. Although one side, and part of the vault of the land passage, is preserved, the gate was demolished in 1895. In its place stands the statue of General Copons, defender of Tarifa during the Peninsular War that occurred on Christmas 1811-12 in this sector.<br>It had to be reconstructed by British engineers with sloping walls, while the tower flanking the gate to the north was renovated to house artillery in 1812, as indicated by an inscription. Old architecture, even defensive structures, was typically plastered with lime and sometimes decorated to enhance its appearance and protect it from erosion.<br>Texto: Alejandro P\u00e9rez-Malumbres Landa<br>Translation: Juan Glez. Fleta<br>Image:<br>-Preserved side of Retiro Gate (Alejandro P\u00e9rez-Malumbres Landa)<br>-Tower of the Paintings (Alejandro P\u00e9rez-Malumbres Landa)<br>-Sector restored by British engineers (Alejandro P\u00e9rez-Malumbres Landa).<\/p>\n\n\n\n<p><strong>8- CORCHUELO TOWER<\/strong><\/p>\n\n\n\n<p>This L-shaped tower boasts substantial dimensions as is customary for towers that mark the corners of fortified cities. It was selected as the boundary for the latest expansion of the wall, known as the Arrabal, as it rests upon a large rock at an elevated level, overlooking the city. Along this stretch, the wall features large towers and remains free of attached buildings until reaching the sea.<\/p>\n\n\n\n<p>Texto: Alejandro P\u00e9rez-Malumbres Landa<br>Translation: Juan Glez. Fleta<br>Image:<br>-View of the wall in the 19th century (Institut Cartogr\u00e1fic de Catalunya).<br>-View of Corchuelo Tower (Alejandro P\u00e9rez-Malumbres Landa)<\/p>\n\n\n\n<p><strong>9-CILLA BREACH<\/strong><br>Its name comes from the nearby storage of the \u201cdecimal cilla,&#8221; where tithes paid to the church from the crops of the area were deposited. A &#8220;cilla&#8221; is a term used to refer to a place intended for the storage of grain or agricultural products.<\/p>\n\n\n\n<p>This breach in the wall is often associated with another siege that Tarifa enfaced at the hands of the French army, in this case in 1824, by the so-called \u201cl&#8217;exp\u00e9dition d&#8217;Espagne\u201d or the Hundred Thousand Sons of Saint Louis who came to Spain to support Ferdinand VII. They set up their camp in the Franciscan convent of San Juan del Prado, located outside the city walls, and bombarded the city until it surrendered. However, it seems that the breach actually occurred at another point, closer to Jerez Gate. We can see the section of the wall that rests on natural rock and is formed by a masonry plinth, along with an elevated portion constructed using the tapial technique.<\/p>\n\n\n\n<p>Texto: Alejandro P\u00e9rez-Malumbres Landa<br>Translation: Juan Glez. Fleta<br>Image: Cilla Breach.<\/p>\n\n\n\n<p><strong>10-VAULTED CHAMBER TOWER<\/strong><br>It is the only tower in the entire walled enclosure that, due to its preserved height, has an upper chamber or room covered by a pendentive vault in brick (although there may have been more). Nowadays, it houses a room of a hostel establishment. The original access was from the wall&#8217;s parapet.<br>Texto: Alejandro P\u00e9rez-Malumbres Landa<br>Translation: Juan Glez. Fleta<br>Image: Photo of the vault (Alejandro P\u00e9rez-Malumbres Landa)<\/p>\n\n\n\n<p><strong>11-JEREZ GATE<\/strong><br>It is the main gate of the last walled enclosure. Originally, two towers flanked it, taller than the current ones. In Christian period, the space between the towers was closed with a pointed arch, followed by a barrel vault with a slot for a portcullis. Its demolition began in 1868 but fortunately, although its height had already been reduced, it was halted and had to be regularized with the merlons we see today.<\/p>\n\n\n\n<p>Inside, you can see the stones that held the axis of the Muslim doors and the original horseshoe arches. Among them, at a height, there is a cloister vault painted.<br>Text: Alejandro P\u00e9rez-Malumbres Landa<br>Translation: Juan Glez. Fleta<\/p>\n\n\n\n<p>Image:<\/p>\n\n\n\n<ul class=\"wp-block-list\">\n<li>Horseshoe arches (Alejandro P\u00e9rez-Malumbres Landa).<\/li>\n\n\n\n<li>Infographic of the original gate (Engineering and Services South of Europe \/ Alejandro P\u00e9rez-Malumbres Landa)<\/li>\n\n\n\n<li>Evolutionary diagram of the Jerez Gate (Alejandro P\u00e9rez-Malumbres Landa)<\/li>\n<\/ul>\n\n\n\n<ol start=\"12\" class=\"wp-block-list\">\n<li>SAN SEBASTIAN TOWER<br>This imposing corner tower takes its name from a hermitage that was located nearby, also known as San Roque hermitage, where the first Christian cemetery outside the walls of the modern city was established. From its height, one can admire the city and the harbor..<\/li>\n<\/ol>\n\n\n\n<p>Image: SIDE PHOTO, VIEW VAN DEN WYNGAERDE?<br>Text: Alejandro P\u00e9rez-Malumbres Landa<br>Translation: Juan Glez. Fleta<br><\/p>\n\n\n\n<p><strong>13. ALAMEDA OR SAN JULIAN ARCH<br><\/strong>It owes its name to a chapel dedicated to this saint that was located inside the walls and also gives its name to a street. Popularly known as the Alameda Gap, this postern was opened in the wall in 1835 to connect it with the outside. In its passage, we can observe interesting contemporary artistic elements.<br>Image: Exterior of the arch.<br>Text: Alejandro P\u00e9rez-Malumbres Landa<br>Translation: Juan Glez. Flet<\/p>\n\n\n\n<ol start=\"13\" class=\"wp-block-list\">\n<li><\/li>\n<\/ol>\n\n\n\n<p><strong>14- P\u00d3SITO TOWER<\/strong><br>Although heavily modified, and lacking most of its towers, a significant portion of the wall crowned with embrasures is preserved in the Alameda. Only doors and balconies were added from the late 19th century.<br>This impressive structure from the 15th century stands out, overlooking the exterior as a bulwark. It housed the public butcher on its two floors and, for a period, also the granary (p\u00f3sito) accessed from Sant\u00edsima Trinidad Street. The facade is distinguished by a large pointed arch and an almost faded painted inscription. Inside, it features sturdy columns and wide flying arches, just like the upper floor accessed by a ramp.<\/p>\n\n\n\n<p>Image: VIEW VAN DEN WINGAERDE, INTERIOR VIEW \/ FLOOR PLAN?<br>Text: Alejandro P\u00e9rez-Malumbres Landa<br>Translation: Juan Glez. Fleta<\/p>\n\n\n\n<p><strong>15-ALMEDINA GATE<\/strong><br>Al-Medina (city in Arabic) was the entrance to the first walled enclosure. Dating back to the 11th-12th centuries, its intricate and unique structure in Al-Andalus includes arches of varied designs with spaces for portcullises between them. Its layout forms a bend, allowing it to bridge the height difference between Guzm\u00e1n el Bueno Street and the castle. Until the 17th century, Almedina remained the last defensive stronghold of Tarifa.<br>Text: Alejandro P\u00e9rez-Malumbres Landa<br>Translation: Juan Glez. Fleta<\/p>\n\n\n\n<p>Image:<br>-Photo of the outer arch, with alternating brick and stone voussoirs (Alejandro P\u00e9rez-Malumbres Landa).<br>-Photo of inner arches, with reused Roman columns (Alejandro P\u00e9rez-Malumbres Landa)<\/p>\n\n\n\n<p><strong>16-ROYAL PRISON<br><\/strong>Its construction took the structure of the ancient wall of Aljaranda, which had its northwest corner here. In the courtyard, there is a large tower, and the corner of its facade serves as the barbican. Chambers with barrel vaults were built between towers, some of them superimposed. Its use as a prison persisted until the mid-20th century, and nowadays, it serves as the venue for a municipal exhibition hall.<\/p>\n\n\n\n<p>Text: Alejandro P\u00e9rez-Malumbres Landa<br>Translation: Juan Glez. Fleta<\/p>\n\n\n\n<p>Image:<br>-Tower in the courtyard (Alejandro P\u00e9rez-Malumbres Landa).<br>-Prison Vault (Alejandro P\u00e9rez-Malumbres Landa).<\/p>\n\n\n\n<p><strong>17- MACHO TOWER<\/strong><br>This curious name refers to a tower in the northern enclosure of Aljaranda which became absorbed by the city development and isolated as the curtain walls were demolished. The alley that bears its name, La bajada del Macho, originally extended to the Moral neighborhood. There, at the end of Gravina Street, the remains of the next tower in the enclosure are preserved.<br>Text: Alejandro P\u00e9rez-Malumbres Landa<br>Translation: Juan Glez. Fleta<\/p>\n\n\n\n<p>Image: Macho Tower (Alejandro P\u00e9rez-Malumbres Landa)<\/p>\n\n\n\n<p><strong>18-ADARVE (Rampart)<\/strong><\/p>\n\n\n\n<p>The term &#8220;adarve,&#8221; comes from the Arabic word &#8220;darb,&#8221; designates the space that runs along the top of the wall where troops move. The street owes its name, Independencia (Independence), to being the point where the French army concentrated their attacks during the Christmas siege of 1811-1812. The defenders repelled the assault by digging trenches in it.<br>This section of the adarve of Tarifa fortification, corresponding to the Arrabal and Aljaranda enclosure, is open to visitors. From there, magnificent views of the city and the surroundings can be enjoyed.<\/p>\n\n\n\n<p>To visit the adarve of the wall, please inquire at Guzm\u00e1n el Bueno Castle for more information.<\/p>\n\n\n\n<p>Text: Alejandro P\u00e9rez-Malumbres Landa<br>Translation: Juan Glez. Fleta<\/p>\n\n\n\n<p>Image:<br>-View from the adarve of the wall<br>-Independencia Street (Alejandro P\u00e9rez-Malumbres Landa)<br>-Adarve in one of the blocks of houses (Alejandro P\u00e9rez-Malumbres Landa)<\/p>\n","protected":false},"excerpt":{"rendered":"<p>Tarifa was significant during the Islamic period due to its strategic location. Starting from the caliphal castle, three successive walled enclosures were built: Almedina (of which a spectacular gate of [&hellip;]<\/p>\n","protected":false},"author":2,"featured_media":0,"parent":0,"menu_order":0,"comment_status":"closed","ping_status":"closed","template":"","meta":{"_acf_changed":false,"_et_pb_use_builder":"off","_et_pb_old_content":"","_et_gb_content_width":"","footnotes":""},"class_list":["post-251208","page","type-page","status-publish","hentry"],"acf":[],"yoast_head":"<!-- This site is optimized with the Yoast SEO plugin v27.4 - https:\/\/yoast.com\/product\/yoast-seo-wordpress\/ -->\n<title>TARIFA, FORTIFIED CITY - Turismo de Tarifa<\/title>\n<meta name=\"robots\" content=\"index, follow, max-snippet:-1, max-image-preview:large, max-video-preview:-1\" \/>\n<link rel=\"canonical\" href=\"https:\/\/turismodetarifa.com\/en\/tarifa-fortified-city\/\" \/>\n<meta property=\"og:locale\" content=\"en_US\" \/>\n<meta property=\"og:type\" content=\"article\" \/>\n<meta property=\"og:title\" content=\"TARIFA, FORTIFIED CITY - Turismo de Tarifa\" \/>\n<meta property=\"og:description\" content=\"Tarifa was significant during the Islamic period due to its strategic location. Starting from the caliphal castle, three successive walled enclosures were built: Almedina (of which a spectacular gate of [&hellip;]\" \/>\n<meta property=\"og:site_name\" content=\"Turismo de Tarifa\" \/>\n<meta property=\"article:publisher\" content=\"https:\/\/www.facebook.com\/TarifaUniverso\" \/>\n<meta property=\"article:modified_time\" content=\"2024-12-20T08:12:40+00:00\" \/>\n<meta property=\"og:image\" content=\"https:\/\/turismodetarifa.com\/wp-content\/uploads\/2023\/01\/logo-universo-tarifa.png\" \/>\n\t<meta property=\"og:image:width\" content=\"968\" \/>\n\t<meta property=\"og:image:height\" content=\"258\" \/>\n\t<meta property=\"og:image:type\" content=\"image\/png\" \/>\n<meta name=\"twitter:card\" content=\"summary_large_image\" \/>\n<meta name=\"twitter:site\" content=\"@universotarifa\" \/>\n<meta name=\"twitter:label1\" content=\"Est. reading time\" \/>\n\t<meta name=\"twitter:data1\" content=\"10 minutes\" \/>\n<script type=\"application\/ld+json\" class=\"yoast-schema-graph\">{\"@context\":\"https:\\\/\\\/schema.org\",\"@graph\":[{\"@type\":\"WebPage\",\"@id\":\"https:\\\/\\\/turismodetarifa.com\\\/en\\\/tarifa-fortified-city\\\/\",\"url\":\"https:\\\/\\\/turismodetarifa.com\\\/en\\\/tarifa-fortified-city\\\/\",\"name\":\"TARIFA, FORTIFIED CITY - Turismo de Tarifa\",\"isPartOf\":{\"@id\":\"https:\\\/\\\/turismodetarifa.com\\\/#website\"},\"datePublished\":\"2024-12-20T08:11:40+00:00\",\"dateModified\":\"2024-12-20T08:12:40+00:00\",\"breadcrumb\":{\"@id\":\"https:\\\/\\\/turismodetarifa.com\\\/en\\\/tarifa-fortified-city\\\/#breadcrumb\"},\"inLanguage\":\"en-US\",\"potentialAction\":[{\"@type\":\"ReadAction\",\"target\":[\"https:\\\/\\\/turismodetarifa.com\\\/en\\\/tarifa-fortified-city\\\/\"]}]},{\"@type\":\"BreadcrumbList\",\"@id\":\"https:\\\/\\\/turismodetarifa.com\\\/en\\\/tarifa-fortified-city\\\/#breadcrumb\",\"itemListElement\":[{\"@type\":\"ListItem\",\"position\":1,\"name\":\"Portada\",\"item\":\"https:\\\/\\\/turismodetarifa.com\\\/\"},{\"@type\":\"ListItem\",\"position\":2,\"name\":\"TARIFA, FORTIFIED CITY\"}]},{\"@type\":\"WebSite\",\"@id\":\"https:\\\/\\\/turismodetarifa.com\\\/#website\",\"url\":\"https:\\\/\\\/turismodetarifa.com\\\/\",\"name\":\"Turismo de Tarifa\",\"description\":\"Universo Tarifa. Destinados a encontrarnos.\",\"publisher\":{\"@id\":\"https:\\\/\\\/turismodetarifa.com\\\/#organization\"},\"alternateName\":\"Turismo de Tarifa\",\"potentialAction\":[{\"@type\":\"SearchAction\",\"target\":{\"@type\":\"EntryPoint\",\"urlTemplate\":\"https:\\\/\\\/turismodetarifa.com\\\/?s={search_term_string}\"},\"query-input\":{\"@type\":\"PropertyValueSpecification\",\"valueRequired\":true,\"valueName\":\"search_term_string\"}}],\"inLanguage\":\"en-US\"},{\"@type\":\"Organization\",\"@id\":\"https:\\\/\\\/turismodetarifa.com\\\/#organization\",\"name\":\"Turismo de Tarifa\",\"alternateName\":\"Turismo de Tarifa\",\"url\":\"https:\\\/\\\/turismodetarifa.com\\\/\",\"logo\":{\"@type\":\"ImageObject\",\"inLanguage\":\"en-US\",\"@id\":\"https:\\\/\\\/turismodetarifa.com\\\/#\\\/schema\\\/logo\\\/image\\\/\",\"url\":\"https:\\\/\\\/turismodetarifa.com\\\/wp-content\\\/uploads\\\/2024\\\/10\\\/cropped-logotipo-removebg-preview.png\",\"contentUrl\":\"https:\\\/\\\/turismodetarifa.com\\\/wp-content\\\/uploads\\\/2024\\\/10\\\/cropped-logotipo-removebg-preview.png\",\"width\":512,\"height\":512,\"caption\":\"Turismo de Tarifa\"},\"image\":{\"@id\":\"https:\\\/\\\/turismodetarifa.com\\\/#\\\/schema\\\/logo\\\/image\\\/\"},\"sameAs\":[\"https:\\\/\\\/www.facebook.com\\\/TarifaUniverso\",\"https:\\\/\\\/x.com\\\/universotarifa\",\"https:\\\/\\\/www.instagram.com\\\/universotarifaoficial\\\/\"]}]}<\/script>\n<!-- \/ Yoast SEO plugin. -->","yoast_head_json":{"title":"TARIFA, FORTIFIED CITY - Turismo de Tarifa","robots":{"index":"index","follow":"follow","max-snippet":"max-snippet:-1","max-image-preview":"max-image-preview:large","max-video-preview":"max-video-preview:-1"},"canonical":"https:\/\/turismodetarifa.com\/en\/tarifa-fortified-city\/","og_locale":"en_US","og_type":"article","og_title":"TARIFA, FORTIFIED CITY - Turismo de Tarifa","og_description":"Tarifa was significant during the Islamic period due to its strategic location. Starting from the caliphal castle, three successive walled enclosures were built: Almedina (of which a spectacular gate of [&hellip;]","og_site_name":"Turismo de Tarifa","article_publisher":"https:\/\/www.facebook.com\/TarifaUniverso","article_modified_time":"2024-12-20T08:12:40+00:00","og_image":[{"width":968,"height":258,"url":"https:\/\/turismodetarifa.com\/wp-content\/uploads\/2023\/01\/logo-universo-tarifa.png","type":"image\/png"}],"twitter_card":"summary_large_image","twitter_site":"@universotarifa","twitter_misc":{"Est. reading time":"10 minutes"},"schema":{"@context":"https:\/\/schema.org","@graph":[{"@type":"WebPage","@id":"https:\/\/turismodetarifa.com\/en\/tarifa-fortified-city\/","url":"https:\/\/turismodetarifa.com\/en\/tarifa-fortified-city\/","name":"TARIFA, FORTIFIED CITY - Turismo de Tarifa","isPartOf":{"@id":"https:\/\/turismodetarifa.com\/#website"},"datePublished":"2024-12-20T08:11:40+00:00","dateModified":"2024-12-20T08:12:40+00:00","breadcrumb":{"@id":"https:\/\/turismodetarifa.com\/en\/tarifa-fortified-city\/#breadcrumb"},"inLanguage":"en-US","potentialAction":[{"@type":"ReadAction","target":["https:\/\/turismodetarifa.com\/en\/tarifa-fortified-city\/"]}]},{"@type":"BreadcrumbList","@id":"https:\/\/turismodetarifa.com\/en\/tarifa-fortified-city\/#breadcrumb","itemListElement":[{"@type":"ListItem","position":1,"name":"Portada","item":"https:\/\/turismodetarifa.com\/"},{"@type":"ListItem","position":2,"name":"TARIFA, FORTIFIED CITY"}]},{"@type":"WebSite","@id":"https:\/\/turismodetarifa.com\/#website","url":"https:\/\/turismodetarifa.com\/","name":"Turismo de Tarifa","description":"Universo Tarifa. Destinados a encontrarnos.","publisher":{"@id":"https:\/\/turismodetarifa.com\/#organization"},"alternateName":"Turismo de Tarifa","potentialAction":[{"@type":"SearchAction","target":{"@type":"EntryPoint","urlTemplate":"https:\/\/turismodetarifa.com\/?s={search_term_string}"},"query-input":{"@type":"PropertyValueSpecification","valueRequired":true,"valueName":"search_term_string"}}],"inLanguage":"en-US"},{"@type":"Organization","@id":"https:\/\/turismodetarifa.com\/#organization","name":"Turismo de Tarifa","alternateName":"Turismo de Tarifa","url":"https:\/\/turismodetarifa.com\/","logo":{"@type":"ImageObject","inLanguage":"en-US","@id":"https:\/\/turismodetarifa.com\/#\/schema\/logo\/image\/","url":"https:\/\/turismodetarifa.com\/wp-content\/uploads\/2024\/10\/cropped-logotipo-removebg-preview.png","contentUrl":"https:\/\/turismodetarifa.com\/wp-content\/uploads\/2024\/10\/cropped-logotipo-removebg-preview.png","width":512,"height":512,"caption":"Turismo de Tarifa"},"image":{"@id":"https:\/\/turismodetarifa.com\/#\/schema\/logo\/image\/"},"sameAs":["https:\/\/www.facebook.com\/TarifaUniverso","https:\/\/x.com\/universotarifa","https:\/\/www.instagram.com\/universotarifaoficial\/"]}]}},"_links":{"self":[{"href":"https:\/\/turismodetarifa.com\/en\/wp-json\/wp\/v2\/pages\/251208","targetHints":{"allow":["GET"]}}],"collection":[{"href":"https:\/\/turismodetarifa.com\/en\/wp-json\/wp\/v2\/pages"}],"about":[{"href":"https:\/\/turismodetarifa.com\/en\/wp-json\/wp\/v2\/types\/page"}],"author":[{"embeddable":true,"href":"https:\/\/turismodetarifa.com\/en\/wp-json\/wp\/v2\/users\/2"}],"replies":[{"embeddable":true,"href":"https:\/\/turismodetarifa.com\/en\/wp-json\/wp\/v2\/comments?post=251208"}],"version-history":[{"count":0,"href":"https:\/\/turismodetarifa.com\/en\/wp-json\/wp\/v2\/pages\/251208\/revisions"}],"wp:attachment":[{"href":"https:\/\/turismodetarifa.com\/en\/wp-json\/wp\/v2\/media?parent=251208"}],"curies":[{"name":"wp","href":"https:\/\/api.w.org\/{rel}","templated":true}]}}