{"id":251219,"date":"2024-04-12T13:17:57","date_gmt":"2024-04-12T11:17:57","guid":{"rendered":"https:\/\/turismodetarifa.com\/paseos-por-el-conjunto-historico-de-tarifa\/"},"modified":"2024-12-20T10:43:26","modified_gmt":"2024-12-20T09:43:26","slug":"paseos-por-el-conjunto-historico-de-tarifa","status":"publish","type":"page","link":"https:\/\/turismodetarifa.com\/en\/paseos-por-el-conjunto-historico-de-tarifa\/","title":{"rendered":"THE OLD TOWN ROUTE. BUILDINGS OF SINGULAR INTEREST"},"content":{"rendered":"\n<p><strong>1- JEREZ GATE<\/strong><br>As the romantic traveler Richard Ford stated, \u201cTarifa is the most Moorish town of Andalusia\u201d. The medieval walls still are the limits of the city center, structured by narrow streets typical of islamic urban planning where you can visit the churches of San Mateo and San Francisco and interesting buildings, many of them from the 18th and 19th centuries.<br>Text: Alejandro P\u00e9rez-Malumbres Landa<br>Translation: Juan Glez. Fleta<br>Image: General map of the route<\/p>\n\n\n\n<p><strong>2-OLD DECIMAL CILLA<\/strong><br>A &#8220;cilla&#8221; was a granary where the Church stored the tithes of cereal it received. Its structure consists of three large naves separated by brick arches and covered with barrel vaults. Nowadays, it serves as a restaurant. &#8220;Silos&#8221; and &#8220;Cilla&#8221; name two streets, but cereal customs is also related to the name of another street, Calle Peso.<br>Text: Alejandro P\u00e9rez-Malumbres Landa<br>Translation: Juan Glez. Fleta<br>Image:<br>-Interior<\/p>\n\n\n\n<p><strong>3-WELL<\/strong><br>This beautiful well, with a domed whose opening is now sealed, used to be public. However, there were many more private wells, still preserved inside the houses of Tarifa and sometimes shared between two houses so they were located in the wall between them. They were supplied with rainwater collected in cisterns and springs.<br>The well gives its name to this beautiful, secluded and rarely frequented street that runs inside the enclosure, being one of the few open spaces remaining from the original patrol path that allowed troops to move easily.<br>Text: Alejandro P\u00e9rez-Malumbres Landa<br>Translation: Juan Glez. Fleta<br>Image:<br>-Well dome.<br>-Perspective of the street.<\/p>\n\n\n\n<p><strong>4- PENSIONERS CENTRE<\/strong><br>Originally, it was a girls&#8217; school built around 1927 by the Cadiz architect Jos\u00e9 Romero Barrero. It mimics a mosque, with horseshoe arches and stepped battlements, featuring a dome that was once crowned by a &#8220;yamur&#8221;, decreasing-sized spheres resembling minaret elements.<br>Across the street, we find another interesting building known as the Casa del Mar, with its curved and bold shapes. This structure was designed by the Tarifa architect Pablo Garc\u00eda Villanueva between 1975 and 1977 for the Social Institute of the Navy. Due to its quality, it is included in the General Catalog of Andalusian Historical Heritage.<br>Text: Alejandro P\u00e9rez-Malumbres Landa<br>Translation: Juan Glez. Fleta<br>Image:<br>-Former girls&#8217; school<br>-Plan of Casa del Mar ( )<\/p>\n\n\n\n<p><strong>5- Casino and Lyceum<\/strong><br>The headquarters of this traditional yet active local institution, founded in 1870, was completed in 1875. It boasts rooms with beautiful tile baseboards and an interesting library. The entire upper floor is occupied by the Liceo Tarife\u00f1o, a small and charming performance space, featuring a patio for outdoor seating, box seats on wooden pillars, and a spacious stage. It was the center of cultural life in Tarifa for years and is still used on occasion.<br>Texto: Alejandro P\u00e9rez-Malumbres Landa<br>Translation: Juan Glez. Fleta<\/p>\n\n\n\n<p>Image:<br>-Room with tiles<br>-Library.<br>-Photo with a musical performance at Liceo.<\/p>\n\n\n\n<p><strong>6-ROYAL PRISON<\/strong><br>SHARE TEXT WITH N\u00ba 16 OF THE WALL ROUTE<br>Location: On the same support as the Royal Prison on the Walls Route.<\/p>\n\n\n\n<p><strong>7- FOUNTAIN OF MESON<\/strong><br>The Fountain of Meson, dating back to 1831, was the first public water supply in the city of Tarifa,sourced from La Hedionda spring. Its shape has earned it the popular nickname, the Ace of Cups. It is done by Antonio Gonz\u00e1lez Salm\u00f3n, the same engineer who fortified much of the island of Tarifa.<\/p>\n\n\n\n<p>Text: Alejandro P\u00e9rez-Malumbres Landa<br>Translation: Juan Glez. Fleta<\/p>\n\n\n\n<p><strong>8-MUNICIPAL LIBRARY<\/strong><br>A beautiful Neo-Mudejar building with horseshoe arches, intersecting blind brick arches, battlements and a slender octagonal tower. Built as the Miguel de Cervantes school for boys around 1927, during Primo de Rivera\u00b4s dictatorship, it later became a flamenco club and now houses the municipal library and archives.<\/p>\n\n\n\n<p>Text: Alejandro P\u00e9rez-Malumbres Landa<br>Translation: Juan Glez. Fleta<\/p>\n\n\n\n<p>Image: Blind brick arcades<\/p>\n\n\n\n<p><strong>9-TOWN HALL<\/strong><br>This building, with its rear overlooking the harbor, has served various purposes over time. It was initially a Franciscan hospice from 1714 to 1835, and then it became a convent. The rooftop terrace was used as a semaphore station, and the tower houses a clock that was previously in the bell tower of San Mateo. Since 1884, it has been the Town Hall. Despite undergoing numerous renovations, the original layout around a courtyard with a cistern largely persists.<br>Text: Alejandro P\u00e9rez-Malumbres Landa<br>Translation: Juan Glez. Fleta<br>Image:<br>-Courtyard,<br>-Clock in the tower<\/p>\n\n\n\n<p><strong>10-OLD GRAIN STOREHOUSE<\/strong><br>Grain storehouses, known as &#8220;p\u00f3sitos,&#8221; were managed by local governments and played a role in lending grain to farmers, regulating flour prices in times of scarcity, and monitoring the quality of bread. This one was built in the 18th century on the site of an earlier granary. It has an elongated floor plan and a sturdy structure with pillars and groin vaults on the ground floor.<br>Text: Alejandro P\u00e9rez-Malumbres Landa<br>Translation: Juan Glez. Fleta<br>Image: Interior vaults of the granary<\/p>\n\n\n\n<p><strong>11-CENTRAL MARKET<\/strong><br>It occupies the site where the Convent of the Sant\u00edsima Trinidad stood until 1771. It was later used as a barracks, school, and market from 1835. The current building, inaugurated in 1928 and designed by the Cadiz architect Jos\u00e9 Moreno Barrero, features neo-Mudejar elements such as horseshoe arches on the facade and a spacious courtyard with octagonal pillars, reminiscent of the architecture prevalent in the Spanish protectorate of Morocco at that time.<\/p>\n\n\n\n<p>Text: Alejandro P\u00e9rez-Malumbres Landa<br>Translation: Juan Glez. Fleta<\/p>\n\n\n\n<p>Image:<br>Main door with horseshoe arch<br>-Old photo of the courtyard (Lotys)<\/p>\n\n\n\n<p><strong>12-ALAMEDA THEATER CINEMA<\/strong><br>It has undergone several transformations, as three buildings have succeeded each other in the same location attached to the wall. Starting from the original one built in wood in the late 19th century, the so-called Sal\u00f3n Medina of 1921 or the current building dates back to 2011. The actor and director, Tom\u00e1s Pic\u00f3 Horme\u00f1o, led the Municipal Theater between 1995 and 2005. The theater hosts Tarifa&#8217;s main cultural events, such as the African Film Festival or the Carnival, which have deep roots in the town as well as throughout the province of C\u00e1diz.<\/p>\n\n\n\n<p>Text: Alejandro P\u00e9rez-Malumbres Landa<br>Translation: Juan Glez. Fleta<\/p>\n\n\n\n<p>Image: Old Sal\u00f3n Medina<\/p>\n\n\n\n<p><\/p>\n","protected":false},"excerpt":{"rendered":"<p>1- JEREZ GATEAs the romantic traveler Richard Ford stated, \u201cTarifa is the most Moorish town of Andalusia\u201d. The medieval walls still are the limits of the city center, structured by [&hellip;]<\/p>\n","protected":false},"author":3,"featured_media":0,"parent":0,"menu_order":0,"comment_status":"closed","ping_status":"closed","template":"","meta":{"_acf_changed":false,"_et_pb_use_builder":"off","_et_pb_old_content":"","_et_gb_content_width":"","footnotes":""},"class_list":["post-251219","page","type-page","status-publish","hentry"],"acf":[],"yoast_head":"<!-- This site is optimized with the Yoast SEO plugin v27.3 - https:\/\/yoast.com\/product\/yoast-seo-wordpress\/ -->\n<title>THE OLD TOWN ROUTE. BUILDINGS OF SINGULAR INTEREST - Turismo de Tarifa<\/title>\n<meta name=\"robots\" content=\"index, follow, max-snippet:-1, max-image-preview:large, max-video-preview:-1\" \/>\n<link rel=\"canonical\" href=\"https:\/\/turismodetarifa.com\/en\/paseos-por-el-conjunto-historico-de-tarifa\/\" \/>\n<meta property=\"og:locale\" content=\"en_US\" \/>\n<meta property=\"og:type\" content=\"article\" \/>\n<meta property=\"og:title\" content=\"THE OLD TOWN ROUTE. BUILDINGS OF SINGULAR INTEREST - Turismo de Tarifa\" \/>\n<meta property=\"og:description\" content=\"1- JEREZ GATEAs the romantic traveler Richard Ford stated, \u201cTarifa is the most Moorish town of Andalusia\u201d. The medieval walls still are the limits of the city center, structured by [&hellip;]\" \/>\n<meta property=\"og:site_name\" content=\"Turismo de Tarifa\" \/>\n<meta property=\"article:publisher\" content=\"https:\/\/www.facebook.com\/TarifaUniverso\" \/>\n<meta property=\"article:modified_time\" content=\"2024-12-20T09:43:26+00:00\" \/>\n<meta property=\"og:image\" content=\"https:\/\/turismodetarifa.com\/wp-content\/uploads\/2023\/01\/logo-universo-tarifa.png\" \/>\n\t<meta property=\"og:image:width\" content=\"968\" \/>\n\t<meta property=\"og:image:height\" content=\"258\" \/>\n\t<meta property=\"og:image:type\" content=\"image\/png\" \/>\n<meta name=\"twitter:card\" content=\"summary_large_image\" \/>\n<meta name=\"twitter:site\" content=\"@universotarifa\" \/>\n<meta name=\"twitter:label1\" content=\"Est. reading time\" \/>\n\t<meta name=\"twitter:data1\" content=\"5 minutes\" \/>\n<script type=\"application\/ld+json\" class=\"yoast-schema-graph\">{\"@context\":\"https:\\\/\\\/schema.org\",\"@graph\":[{\"@type\":\"WebPage\",\"@id\":\"https:\\\/\\\/turismodetarifa.com\\\/en\\\/paseos-por-el-conjunto-historico-de-tarifa\\\/\",\"url\":\"https:\\\/\\\/turismodetarifa.com\\\/en\\\/paseos-por-el-conjunto-historico-de-tarifa\\\/\",\"name\":\"THE OLD TOWN ROUTE. BUILDINGS OF SINGULAR INTEREST - Turismo de Tarifa\",\"isPartOf\":{\"@id\":\"https:\\\/\\\/turismodetarifa.com\\\/#website\"},\"datePublished\":\"2024-04-12T11:17:57+00:00\",\"dateModified\":\"2024-12-20T09:43:26+00:00\",\"breadcrumb\":{\"@id\":\"https:\\\/\\\/turismodetarifa.com\\\/en\\\/paseos-por-el-conjunto-historico-de-tarifa\\\/#breadcrumb\"},\"inLanguage\":\"en-US\",\"potentialAction\":[{\"@type\":\"ReadAction\",\"target\":[\"https:\\\/\\\/turismodetarifa.com\\\/en\\\/paseos-por-el-conjunto-historico-de-tarifa\\\/\"]}]},{\"@type\":\"BreadcrumbList\",\"@id\":\"https:\\\/\\\/turismodetarifa.com\\\/en\\\/paseos-por-el-conjunto-historico-de-tarifa\\\/#breadcrumb\",\"itemListElement\":[{\"@type\":\"ListItem\",\"position\":1,\"name\":\"Portada\",\"item\":\"https:\\\/\\\/turismodetarifa.com\\\/\"},{\"@type\":\"ListItem\",\"position\":2,\"name\":\"THE OLD TOWN ROUTE. BUILDINGS OF SINGULAR INTEREST\"}]},{\"@type\":\"WebSite\",\"@id\":\"https:\\\/\\\/turismodetarifa.com\\\/#website\",\"url\":\"https:\\\/\\\/turismodetarifa.com\\\/\",\"name\":\"Turismo de Tarifa\",\"description\":\"Universo Tarifa. Destinados a encontrarnos.\",\"publisher\":{\"@id\":\"https:\\\/\\\/turismodetarifa.com\\\/#organization\"},\"alternateName\":\"Turismo de Tarifa\",\"potentialAction\":[{\"@type\":\"SearchAction\",\"target\":{\"@type\":\"EntryPoint\",\"urlTemplate\":\"https:\\\/\\\/turismodetarifa.com\\\/?s={search_term_string}\"},\"query-input\":{\"@type\":\"PropertyValueSpecification\",\"valueRequired\":true,\"valueName\":\"search_term_string\"}}],\"inLanguage\":\"en-US\"},{\"@type\":\"Organization\",\"@id\":\"https:\\\/\\\/turismodetarifa.com\\\/#organization\",\"name\":\"Turismo de Tarifa\",\"alternateName\":\"Turismo de Tarifa\",\"url\":\"https:\\\/\\\/turismodetarifa.com\\\/\",\"logo\":{\"@type\":\"ImageObject\",\"inLanguage\":\"en-US\",\"@id\":\"https:\\\/\\\/turismodetarifa.com\\\/#\\\/schema\\\/logo\\\/image\\\/\",\"url\":\"https:\\\/\\\/turismodetarifa.com\\\/wp-content\\\/uploads\\\/2024\\\/10\\\/cropped-logotipo-removebg-preview.png\",\"contentUrl\":\"https:\\\/\\\/turismodetarifa.com\\\/wp-content\\\/uploads\\\/2024\\\/10\\\/cropped-logotipo-removebg-preview.png\",\"width\":512,\"height\":512,\"caption\":\"Turismo de Tarifa\"},\"image\":{\"@id\":\"https:\\\/\\\/turismodetarifa.com\\\/#\\\/schema\\\/logo\\\/image\\\/\"},\"sameAs\":[\"https:\\\/\\\/www.facebook.com\\\/TarifaUniverso\",\"https:\\\/\\\/x.com\\\/universotarifa\",\"https:\\\/\\\/www.instagram.com\\\/universotarifaoficial\\\/\"]}]}<\/script>\n<!-- \/ Yoast SEO plugin. -->","yoast_head_json":{"title":"THE OLD TOWN ROUTE. BUILDINGS OF SINGULAR INTEREST - Turismo de Tarifa","robots":{"index":"index","follow":"follow","max-snippet":"max-snippet:-1","max-image-preview":"max-image-preview:large","max-video-preview":"max-video-preview:-1"},"canonical":"https:\/\/turismodetarifa.com\/en\/paseos-por-el-conjunto-historico-de-tarifa\/","og_locale":"en_US","og_type":"article","og_title":"THE OLD TOWN ROUTE. BUILDINGS OF SINGULAR INTEREST - Turismo de Tarifa","og_description":"1- JEREZ GATEAs the romantic traveler Richard Ford stated, \u201cTarifa is the most Moorish town of Andalusia\u201d. The medieval walls still are the limits of the city center, structured by [&hellip;]","og_site_name":"Turismo de Tarifa","article_publisher":"https:\/\/www.facebook.com\/TarifaUniverso","article_modified_time":"2024-12-20T09:43:26+00:00","og_image":[{"width":968,"height":258,"url":"https:\/\/turismodetarifa.com\/wp-content\/uploads\/2023\/01\/logo-universo-tarifa.png","type":"image\/png"}],"twitter_card":"summary_large_image","twitter_site":"@universotarifa","twitter_misc":{"Est. reading time":"5 minutes"},"schema":{"@context":"https:\/\/schema.org","@graph":[{"@type":"WebPage","@id":"https:\/\/turismodetarifa.com\/en\/paseos-por-el-conjunto-historico-de-tarifa\/","url":"https:\/\/turismodetarifa.com\/en\/paseos-por-el-conjunto-historico-de-tarifa\/","name":"THE OLD TOWN ROUTE. BUILDINGS OF SINGULAR INTEREST - Turismo de Tarifa","isPartOf":{"@id":"https:\/\/turismodetarifa.com\/#website"},"datePublished":"2024-04-12T11:17:57+00:00","dateModified":"2024-12-20T09:43:26+00:00","breadcrumb":{"@id":"https:\/\/turismodetarifa.com\/en\/paseos-por-el-conjunto-historico-de-tarifa\/#breadcrumb"},"inLanguage":"en-US","potentialAction":[{"@type":"ReadAction","target":["https:\/\/turismodetarifa.com\/en\/paseos-por-el-conjunto-historico-de-tarifa\/"]}]},{"@type":"BreadcrumbList","@id":"https:\/\/turismodetarifa.com\/en\/paseos-por-el-conjunto-historico-de-tarifa\/#breadcrumb","itemListElement":[{"@type":"ListItem","position":1,"name":"Portada","item":"https:\/\/turismodetarifa.com\/"},{"@type":"ListItem","position":2,"name":"THE OLD TOWN ROUTE. BUILDINGS OF SINGULAR INTEREST"}]},{"@type":"WebSite","@id":"https:\/\/turismodetarifa.com\/#website","url":"https:\/\/turismodetarifa.com\/","name":"Turismo de Tarifa","description":"Universo Tarifa. Destinados a encontrarnos.","publisher":{"@id":"https:\/\/turismodetarifa.com\/#organization"},"alternateName":"Turismo de Tarifa","potentialAction":[{"@type":"SearchAction","target":{"@type":"EntryPoint","urlTemplate":"https:\/\/turismodetarifa.com\/?s={search_term_string}"},"query-input":{"@type":"PropertyValueSpecification","valueRequired":true,"valueName":"search_term_string"}}],"inLanguage":"en-US"},{"@type":"Organization","@id":"https:\/\/turismodetarifa.com\/#organization","name":"Turismo de Tarifa","alternateName":"Turismo de Tarifa","url":"https:\/\/turismodetarifa.com\/","logo":{"@type":"ImageObject","inLanguage":"en-US","@id":"https:\/\/turismodetarifa.com\/#\/schema\/logo\/image\/","url":"https:\/\/turismodetarifa.com\/wp-content\/uploads\/2024\/10\/cropped-logotipo-removebg-preview.png","contentUrl":"https:\/\/turismodetarifa.com\/wp-content\/uploads\/2024\/10\/cropped-logotipo-removebg-preview.png","width":512,"height":512,"caption":"Turismo de Tarifa"},"image":{"@id":"https:\/\/turismodetarifa.com\/#\/schema\/logo\/image\/"},"sameAs":["https:\/\/www.facebook.com\/TarifaUniverso","https:\/\/x.com\/universotarifa","https:\/\/www.instagram.com\/universotarifaoficial\/"]}]}},"_links":{"self":[{"href":"https:\/\/turismodetarifa.com\/en\/wp-json\/wp\/v2\/pages\/251219","targetHints":{"allow":["GET"]}}],"collection":[{"href":"https:\/\/turismodetarifa.com\/en\/wp-json\/wp\/v2\/pages"}],"about":[{"href":"https:\/\/turismodetarifa.com\/en\/wp-json\/wp\/v2\/types\/page"}],"author":[{"embeddable":true,"href":"https:\/\/turismodetarifa.com\/en\/wp-json\/wp\/v2\/users\/3"}],"replies":[{"embeddable":true,"href":"https:\/\/turismodetarifa.com\/en\/wp-json\/wp\/v2\/comments?post=251219"}],"version-history":[{"count":0,"href":"https:\/\/turismodetarifa.com\/en\/wp-json\/wp\/v2\/pages\/251219\/revisions"}],"wp:attachment":[{"href":"https:\/\/turismodetarifa.com\/en\/wp-json\/wp\/v2\/media?parent=251219"}],"curies":[{"name":"wp","href":"https:\/\/api.w.org\/{rel}","templated":true}]}}