{"id":251224,"date":"2024-04-12T12:41:04","date_gmt":"2024-04-12T10:41:04","guid":{"rendered":"https:\/\/turismodetarifa.com\/ruta-de-las-iglesias\/"},"modified":"2024-12-20T10:57:51","modified_gmt":"2024-12-20T09:57:51","slug":"ruta-de-las-iglesias","status":"publish","type":"page","link":"https:\/\/turismodetarifa.com\/en\/ruta-de-las-iglesias\/","title":{"rendered":"CHURCHES ROUTE"},"content":{"rendered":"\n<p><strong>1- CHURCH OF SAN MATEO<\/strong><br>There are references to its existence since 1399, and it has been the main church since 1546. The current building began its construction in the 16th century in a late Gothic style, under the auspices of the 1st Marquess of Tarifa, but it remained unfinished. The facade was completed in neoclassical style at the end of the 18th century.<br>Inside, the church features three naves, with the side aisles covered by ribbed vaults and the central nave, taller and adorned with rich relief figurative iconography. The Chapel of Sagrario, constructed within a pre-existing structure dedicated to San Pedro, stands out. This chapel houses a remarkable collection of images and altarpieces that originated from a larger altarpiece dating back to 1611, which was dismantled.<\/p>\n\n\n\n<p>Text: Alejandro P\u00e9rez-Malumbres Landa<br>Translation: Juan Glez. Fleta<\/p>\n\n\n\n<p>Format: MONUMENT<br>Image:<br>-Guide&#8217;s map (Juan Lu\u00eds P\u00e9rez Blanco, Alejandro P\u00e9rez-Malumbres Landa).<br>-Gothic vaults,<br>-Sacristy Chapel<\/p>\n\n\n\n<p><strong>2- CHURCH OF SAN FRANCISCO DE AS\u00cdS<\/strong><br>It is the second parish of Tarifa, dating back to the 16th century. It was rebuilt in the 18th century in Neoclassical style. Inside there is imagery ranging from the 16th to the 20th century. The facade has an unusual composition as the entrance is located beneath the bell tower. Above the door, framed by a stone cord, you can see the coat of arms of the Franciscans (the arms of Christ and Saint Francis intertwined) and a painted inscription.<br>DEO OPTIMO MAXIMO = &#8220;To God, most good, most great&#8221;<br>Pract. Eccl. = &#8220;Ecclesiastical practice&#8221;<\/p>\n\n\n\n<p>Text: Alejandro P\u00e9rez-Malumbres Landa<br>Translation: Juan Glez. Fleta<\/p>\n\n\n\n<p>Image:<br>-Map (Juan Luis P\u00e9rez-Blanco)<br>-Photo of the interior of the church (Alejandro P\u00e9rez-Malumbres Landa)<br>-Photo of the facade and the inscription.<br>-Detail of the Franciscan crest above the door (Alejandro P\u00e9rez-Malumbres Landa)<\/p>\n\n\n\n<p><strong>3- CHAPEL OF INMACULADA<\/strong><br>Belonging to the current Nursing Home of San Jos\u00e9, it has its origins in the Hospital of San Bartolom\u00e9 or Divine Mercy. The current chapel was built between 1910 and 1929 in an eclectic style. Inside, the image of the Holy Christ of Charity from the 18th century stands out, the titular figure of the Brotherhood of the same name.<\/p>\n\n\n\n<p>Text: Alejandro P\u00e9rez-Malumbres Landa<br>Translation: Juan Glez. Fleta<\/p>\n\n\n\n<p>Image:<br>-INTERIOR PHOTO,<br>-PHOTO OF CHRIST OF HEALTH<\/p>\n\n\n\n<p><strong>4- CHURCH OF SANTIAGO<\/strong><\/p>\n\n\n\n<p>This temple is one of the oldest in Tarifa and marks the spot where Christians conquered the city in 1292. The facade with a bell-gable retains decorative paintings. On one side, in the 16th century, the Gothic chapel of La Pur\u00edsima is added, featuring reliefs inside with the Tetramorphs, also known as the symbols of the four Evangelists. The entire rear part, a nave with interconnected side chapels through arches, is in ruins. The entire temple is in a worrying state of neglect.<\/p>\n\n\n\n<p>Text: Alejandro P\u00e9rez-Malumbres Landa<br>Translation: Juan Glez. Fleta<br>Image:<br>-Plan (Juan Luis P\u00e9rez Blanco, Alejandro P\u00e9rez-Malumbres Landa).<br>-Late Gothic vault with Tetramorphs (Manuel Rojas Peinado)<\/p>\n\n\n\n<p><strong>5-SANTA MAR\u00cdA CHURCH<\/strong><\/p>\n\n\n\n<p>This is the oldest Christian temple in Tarifa and was its first Main Church, but today is deconsecrated. It was built in two phases: first, a qubba with islamic inspiration, which now corresponds to the presbytery, and later, three naves separated by pointed arches were added. The side entrance is mannerist. Inside, you can see remnants of roman construction.<\/p>\n\n\n\n<p>Text: Alejandro P\u00e9rez-Malumbres Landa<br>Translation: Juan Glez. Fleta<br>Image:<br>-Plan Map (Juan Luis P\u00e9rez Blanco, Alejandro P\u00e9rez-Malumbres Landa)<br>-General photo of the interior (Manuel Rojas)<br>-Roman remnants in the presbytery (Alejandro P\u00e9rez-Malumbres Landa)<\/p>\n\n\n\n<p><strong>6- CHAPEL OF THE HOSPITAL \u201cHOSPITALITO\u201d<\/strong><\/p>\n\n\n\n<p>This building, though extensively altered on the exterior, dates back to the 16th century when it served as the residence of the City Regidor Juan Jim\u00e9nez Serrano. In his will, Juan Jim\u00e9nez donated the building to establish the Hospital of Our Lady of Immaculate Conception and Saint John the Baptist. While it has undergone changes, it still retains a beautiful courtyard that once featured paintings and a small chapel with a gothic vault. The chapel was redecorated in the late 18th century with painted figures and poems dedicated to the Immaculate Conception and denouncing the Zodiac as a way to approach her. It remained associated with the hospital until 1847.<\/p>\n\n\n\n<p>Text: Alejandro P\u00e9rez-Malumbres Landa<br>Translation: Juan Glez. Fleta<br>Image:<br>-Chapel plan (Juan Luis P\u00e9rez Blanco)<br>-Photo of the chapel vault (Manuel Rojas Peinado)<br>-Detail of the Zodiac signs Scorpio, Gemini, and Taurus (Alejandro P\u00e9rez-Malumbres Landa)<\/p>\n\n\n\n<p><\/p>\n","protected":false},"excerpt":{"rendered":"<p>1- CHURCH OF SAN MATEOThere are references to its existence since 1399, and it has been the main church since 1546. The current building began its construction in the 16th [&hellip;]<\/p>\n","protected":false},"author":3,"featured_media":0,"parent":0,"menu_order":0,"comment_status":"closed","ping_status":"closed","template":"","meta":{"_acf_changed":false,"_et_pb_use_builder":"off","_et_pb_old_content":"","_et_gb_content_width":"","footnotes":""},"class_list":["post-251224","page","type-page","status-publish","hentry"],"acf":[],"yoast_head":"<!-- This site is optimized with the Yoast SEO plugin v27.3 - https:\/\/yoast.com\/product\/yoast-seo-wordpress\/ -->\n<title>CHURCHES ROUTE - Turismo de Tarifa<\/title>\n<meta name=\"robots\" content=\"index, follow, max-snippet:-1, max-image-preview:large, max-video-preview:-1\" \/>\n<link rel=\"canonical\" href=\"https:\/\/turismodetarifa.com\/en\/ruta-de-las-iglesias\/\" \/>\n<meta property=\"og:locale\" content=\"en_US\" \/>\n<meta property=\"og:type\" content=\"article\" \/>\n<meta property=\"og:title\" content=\"CHURCHES ROUTE - Turismo de Tarifa\" \/>\n<meta property=\"og:description\" content=\"1- CHURCH OF SAN MATEOThere are references to its existence since 1399, and it has been the main church since 1546. The current building began its construction in the 16th [&hellip;]\" \/>\n<meta property=\"og:site_name\" content=\"Turismo de Tarifa\" \/>\n<meta property=\"article:publisher\" content=\"https:\/\/www.facebook.com\/TarifaUniverso\" \/>\n<meta property=\"article:modified_time\" content=\"2024-12-20T09:57:51+00:00\" \/>\n<meta property=\"og:image\" content=\"https:\/\/turismodetarifa.com\/wp-content\/uploads\/2023\/01\/logo-universo-tarifa.png\" \/>\n\t<meta property=\"og:image:width\" content=\"968\" \/>\n\t<meta property=\"og:image:height\" content=\"258\" \/>\n\t<meta property=\"og:image:type\" content=\"image\/png\" \/>\n<meta name=\"twitter:card\" content=\"summary_large_image\" \/>\n<meta name=\"twitter:site\" content=\"@universotarifa\" \/>\n<meta name=\"twitter:label1\" content=\"Est. reading time\" \/>\n\t<meta name=\"twitter:data1\" content=\"4 minutes\" \/>\n<script type=\"application\/ld+json\" class=\"yoast-schema-graph\">{\"@context\":\"https:\\\/\\\/schema.org\",\"@graph\":[{\"@type\":\"WebPage\",\"@id\":\"https:\\\/\\\/turismodetarifa.com\\\/en\\\/ruta-de-las-iglesias\\\/\",\"url\":\"https:\\\/\\\/turismodetarifa.com\\\/en\\\/ruta-de-las-iglesias\\\/\",\"name\":\"CHURCHES ROUTE - Turismo de Tarifa\",\"isPartOf\":{\"@id\":\"https:\\\/\\\/turismodetarifa.com\\\/#website\"},\"datePublished\":\"2024-04-12T10:41:04+00:00\",\"dateModified\":\"2024-12-20T09:57:51+00:00\",\"breadcrumb\":{\"@id\":\"https:\\\/\\\/turismodetarifa.com\\\/en\\\/ruta-de-las-iglesias\\\/#breadcrumb\"},\"inLanguage\":\"en-US\",\"potentialAction\":[{\"@type\":\"ReadAction\",\"target\":[\"https:\\\/\\\/turismodetarifa.com\\\/en\\\/ruta-de-las-iglesias\\\/\"]}]},{\"@type\":\"BreadcrumbList\",\"@id\":\"https:\\\/\\\/turismodetarifa.com\\\/en\\\/ruta-de-las-iglesias\\\/#breadcrumb\",\"itemListElement\":[{\"@type\":\"ListItem\",\"position\":1,\"name\":\"Portada\",\"item\":\"https:\\\/\\\/turismodetarifa.com\\\/\"},{\"@type\":\"ListItem\",\"position\":2,\"name\":\"CHURCHES ROUTE\"}]},{\"@type\":\"WebSite\",\"@id\":\"https:\\\/\\\/turismodetarifa.com\\\/#website\",\"url\":\"https:\\\/\\\/turismodetarifa.com\\\/\",\"name\":\"Turismo de Tarifa\",\"description\":\"Universo Tarifa. Destinados a encontrarnos.\",\"publisher\":{\"@id\":\"https:\\\/\\\/turismodetarifa.com\\\/#organization\"},\"alternateName\":\"Turismo de Tarifa\",\"potentialAction\":[{\"@type\":\"SearchAction\",\"target\":{\"@type\":\"EntryPoint\",\"urlTemplate\":\"https:\\\/\\\/turismodetarifa.com\\\/?s={search_term_string}\"},\"query-input\":{\"@type\":\"PropertyValueSpecification\",\"valueRequired\":true,\"valueName\":\"search_term_string\"}}],\"inLanguage\":\"en-US\"},{\"@type\":\"Organization\",\"@id\":\"https:\\\/\\\/turismodetarifa.com\\\/#organization\",\"name\":\"Turismo de Tarifa\",\"alternateName\":\"Turismo de Tarifa\",\"url\":\"https:\\\/\\\/turismodetarifa.com\\\/\",\"logo\":{\"@type\":\"ImageObject\",\"inLanguage\":\"en-US\",\"@id\":\"https:\\\/\\\/turismodetarifa.com\\\/#\\\/schema\\\/logo\\\/image\\\/\",\"url\":\"https:\\\/\\\/turismodetarifa.com\\\/wp-content\\\/uploads\\\/2024\\\/10\\\/cropped-logotipo-removebg-preview.png\",\"contentUrl\":\"https:\\\/\\\/turismodetarifa.com\\\/wp-content\\\/uploads\\\/2024\\\/10\\\/cropped-logotipo-removebg-preview.png\",\"width\":512,\"height\":512,\"caption\":\"Turismo de Tarifa\"},\"image\":{\"@id\":\"https:\\\/\\\/turismodetarifa.com\\\/#\\\/schema\\\/logo\\\/image\\\/\"},\"sameAs\":[\"https:\\\/\\\/www.facebook.com\\\/TarifaUniverso\",\"https:\\\/\\\/x.com\\\/universotarifa\",\"https:\\\/\\\/www.instagram.com\\\/universotarifaoficial\\\/\"]}]}<\/script>\n<!-- \/ Yoast SEO plugin. -->","yoast_head_json":{"title":"CHURCHES ROUTE - Turismo de Tarifa","robots":{"index":"index","follow":"follow","max-snippet":"max-snippet:-1","max-image-preview":"max-image-preview:large","max-video-preview":"max-video-preview:-1"},"canonical":"https:\/\/turismodetarifa.com\/en\/ruta-de-las-iglesias\/","og_locale":"en_US","og_type":"article","og_title":"CHURCHES ROUTE - Turismo de Tarifa","og_description":"1- CHURCH OF SAN MATEOThere are references to its existence since 1399, and it has been the main church since 1546. The current building began its construction in the 16th [&hellip;]","og_site_name":"Turismo de Tarifa","article_publisher":"https:\/\/www.facebook.com\/TarifaUniverso","article_modified_time":"2024-12-20T09:57:51+00:00","og_image":[{"width":968,"height":258,"url":"https:\/\/turismodetarifa.com\/wp-content\/uploads\/2023\/01\/logo-universo-tarifa.png","type":"image\/png"}],"twitter_card":"summary_large_image","twitter_site":"@universotarifa","twitter_misc":{"Est. reading time":"4 minutes"},"schema":{"@context":"https:\/\/schema.org","@graph":[{"@type":"WebPage","@id":"https:\/\/turismodetarifa.com\/en\/ruta-de-las-iglesias\/","url":"https:\/\/turismodetarifa.com\/en\/ruta-de-las-iglesias\/","name":"CHURCHES ROUTE - Turismo de Tarifa","isPartOf":{"@id":"https:\/\/turismodetarifa.com\/#website"},"datePublished":"2024-04-12T10:41:04+00:00","dateModified":"2024-12-20T09:57:51+00:00","breadcrumb":{"@id":"https:\/\/turismodetarifa.com\/en\/ruta-de-las-iglesias\/#breadcrumb"},"inLanguage":"en-US","potentialAction":[{"@type":"ReadAction","target":["https:\/\/turismodetarifa.com\/en\/ruta-de-las-iglesias\/"]}]},{"@type":"BreadcrumbList","@id":"https:\/\/turismodetarifa.com\/en\/ruta-de-las-iglesias\/#breadcrumb","itemListElement":[{"@type":"ListItem","position":1,"name":"Portada","item":"https:\/\/turismodetarifa.com\/"},{"@type":"ListItem","position":2,"name":"CHURCHES ROUTE"}]},{"@type":"WebSite","@id":"https:\/\/turismodetarifa.com\/#website","url":"https:\/\/turismodetarifa.com\/","name":"Turismo de Tarifa","description":"Universo Tarifa. Destinados a encontrarnos.","publisher":{"@id":"https:\/\/turismodetarifa.com\/#organization"},"alternateName":"Turismo de Tarifa","potentialAction":[{"@type":"SearchAction","target":{"@type":"EntryPoint","urlTemplate":"https:\/\/turismodetarifa.com\/?s={search_term_string}"},"query-input":{"@type":"PropertyValueSpecification","valueRequired":true,"valueName":"search_term_string"}}],"inLanguage":"en-US"},{"@type":"Organization","@id":"https:\/\/turismodetarifa.com\/#organization","name":"Turismo de Tarifa","alternateName":"Turismo de Tarifa","url":"https:\/\/turismodetarifa.com\/","logo":{"@type":"ImageObject","inLanguage":"en-US","@id":"https:\/\/turismodetarifa.com\/#\/schema\/logo\/image\/","url":"https:\/\/turismodetarifa.com\/wp-content\/uploads\/2024\/10\/cropped-logotipo-removebg-preview.png","contentUrl":"https:\/\/turismodetarifa.com\/wp-content\/uploads\/2024\/10\/cropped-logotipo-removebg-preview.png","width":512,"height":512,"caption":"Turismo de Tarifa"},"image":{"@id":"https:\/\/turismodetarifa.com\/#\/schema\/logo\/image\/"},"sameAs":["https:\/\/www.facebook.com\/TarifaUniverso","https:\/\/x.com\/universotarifa","https:\/\/www.instagram.com\/universotarifaoficial\/"]}]}},"_links":{"self":[{"href":"https:\/\/turismodetarifa.com\/en\/wp-json\/wp\/v2\/pages\/251224","targetHints":{"allow":["GET"]}}],"collection":[{"href":"https:\/\/turismodetarifa.com\/en\/wp-json\/wp\/v2\/pages"}],"about":[{"href":"https:\/\/turismodetarifa.com\/en\/wp-json\/wp\/v2\/types\/page"}],"author":[{"embeddable":true,"href":"https:\/\/turismodetarifa.com\/en\/wp-json\/wp\/v2\/users\/3"}],"replies":[{"embeddable":true,"href":"https:\/\/turismodetarifa.com\/en\/wp-json\/wp\/v2\/comments?post=251224"}],"version-history":[{"count":0,"href":"https:\/\/turismodetarifa.com\/en\/wp-json\/wp\/v2\/pages\/251224\/revisions"}],"wp:attachment":[{"href":"https:\/\/turismodetarifa.com\/en\/wp-json\/wp\/v2\/media?parent=251224"}],"curies":[{"name":"wp","href":"https:\/\/api.w.org\/{rel}","templated":true}]}}